{"id":30160,"date":"2023-01-18T08:24:03","date_gmt":"2023-01-18T07:24:03","guid":{"rendered":"https:\/\/textocreativ.preview-tokiwi.ch\/jobs\/"},"modified":"2023-06-14T11:43:08","modified_gmt":"2023-06-14T09:43:08","slug":"jobs","status":"publish","type":"page","link":"https:\/\/textocreativ.ch\/de\/jobs\/","title":{"rendered":"Jobs"},"content":{"rendered":"<p>[et_pb_section fb_built=&#8220;1&#8243; _builder_version=&#8220;4.19.1&#8243; _module_preset=&#8220;default&#8220; custom_margin=&#8220;60px||||false|false&#8220; da_disable_devices=&#8220;off|off|off&#8220; global_colors_info=&#8220;{}&#8220; da_is_popup=&#8220;off&#8220; da_exit_intent=&#8220;off&#8220; da_has_close=&#8220;on&#8220; da_alt_close=&#8220;off&#8220; da_dark_close=&#8220;off&#8220; da_not_modal=&#8220;on&#8220; da_is_singular=&#8220;off&#8220; da_with_loader=&#8220;off&#8220; da_has_shadow=&#8220;on&#8220;][et_pb_row custom_padding_last_edited=&#8220;on|tablet&#8220; _builder_version=&#8220;4.19.1&#8243; _module_preset=&#8220;default&#8220; custom_padding_tablet=&#8220;||0px||false|false&#8220; custom_padding_phone=&#8220;||0px||false|false&#8220; global_colors_info=&#8220;{}&#8220;][et_pb_column type=&#8220;4_4&#8243; _builder_version=&#8220;4.19.1&#8243; _module_preset=&#8220;default&#8220; global_colors_info=&#8220;{}&#8220;][et_pb_text _builder_version=&#8220;4.19.1&#8243; _module_preset=&#8220;default&#8220; custom_margin=&#8220;0px||5px||false|false&#8220; custom_padding=&#8220;0px||0px||false|false&#8220; global_colors_info=&#8220;{}&#8220;]<\/p>\n<h5>JOBS<\/h5>\n<p>[\/et_pb_text][et_pb_text _builder_version=&#8220;4.19.1&#8243; _module_preset=&#8220;default&#8220; custom_margin=&#8220;0px||0px||false|false&#8220; custom_padding=&#8220;0px||0px||false|false&#8220; global_colors_info=&#8220;{}&#8220;]<\/p>\n<h1>Teilst du unsere Leidenschaft f\u00fcr W\u00f6rter?<\/h1>\n<p>[\/et_pb_text][\/et_pb_column][\/et_pb_row][et_pb_row column_structure=&#8220;3_5,2_5&#8243; _builder_version=&#8220;4.19.1&#8243; _module_preset=&#8220;default&#8220; global_colors_info=&#8220;{}&#8220; custom_css_main_element_last_edited=&#8220;on|tablet&#8220; custom_css_main_element_tablet=&#8220;display:flex;||flex-direction:column;&#8220; custom_css_main_element_phone=&#8220;display:flex;||flex-direction:column;&#8220;][et_pb_column type=&#8220;3_5&#8243; _builder_version=&#8220;4.19.1&#8243; _module_preset=&#8220;default&#8220; custom_padding=&#8220;||||false|false&#8220; global_colors_info=&#8220;{}&#8220; custom_css_main_element_last_edited=&#8220;on|tablet&#8220; custom_css_main_element_tablet=&#8220;order:2;&#8220; custom_css_main_element_phone=&#8220;order:2;&#8220;][et_pb_text module_class=&#8220;excerpt-paragraph&#8220; _builder_version=&#8220;4.19.1&#8243; _module_preset=&#8220;default&#8220; text_font_size=&#8220;2em&#8220; text_line_height=&#8220;1.15em&#8220; custom_margin=&#8220;||8%||false|false&#8220; global_colors_info=&#8220;{}&#8220;]Entdecke die M\u00f6glichkeiten einer flexiblen und kollegialen Fernarbeit und werde Teil unseres Freelancerteams.[\/et_pb_text][et_pb_text _builder_version=&#8220;4.19.1&#8243; _module_preset=&#8220;default&#8220; global_colors_info=&#8220;{}&#8220;]<\/p>\n<p><span>Unsere Agentur ist immer auf der Suche nach freiberuflichen Texto-Kreativen. Du spielst gerne mit W\u00f6rtern und hast ein Talent f\u00fcrs \u00dcbersetzen oder Schreiben? Dann schick uns jetzt deine Bewerbung! <\/span><\/p>\n<p>[\/et_pb_text][et_pb_text _builder_version=&#8220;4.19.1&#8243; _module_preset=&#8220;default&#8220; custom_margin=&#8220;60px||60px||false|false&#8220; custom_padding=&#8220;15px||15px||false|false&#8220; link_option_url=&#8220;#annonce-gestionnaire-projet&#8220; hover_enabled=&#8220;0&#8243; custom_css_after=&#8220;content:&#8217;\u2192&#8216;;||font-weight:400;||font-size:2rem;||position:absolute;||top:50%;||right:10px;||transform:translateY(-60%);||transition:right .3s ease-in-out;&#8220; border_width_top=&#8220;1px&#8220; border_color_top=&#8220;#000000&#8243; border_width_bottom=&#8220;1px&#8220; global_colors_info=&#8220;{}&#8220; custom_css_after__hover_enabled=&#8220;on|hover&#8220; custom_css_after__hover=&#8220;content:&#8217;\u2192&#8216;;||font-weight:400;||font-size:2rem;||position:absolute;||top:50%;||right:0px;||transform:translateY(-60%);||transition:right .3s ease-in-out;&#8220; disabled_on=&#8220;on|on|on&#8220; disabled=&#8220;on&#8220; sticky_enabled=&#8220;0&#8243;]<\/p>\n<h4><strong>Projektkoordinator\/in 50%<\/strong><\/h4>\n<p>ab Juli 2023<\/p>\n<p>[\/et_pb_text][\/et_pb_column][et_pb_column type=&#8220;2_5&#8243; _builder_version=&#8220;4.19.1&#8243; _module_preset=&#8220;default&#8220; global_colors_info=&#8220;{}&#8220;][et_pb_text module_class=&#8220;link-hover&#8220; _builder_version=&#8220;4.19.1&#8243; _module_preset=&#8220;default&#8220; custom_margin=&#8220;||4%||false|false&#8220; custom_padding=&#8220;||4%||false|false&#8220; border_width_bottom=&#8220;1px&#8220; global_colors_info=&#8220;{}&#8220;]<\/p>\n<p><a href=\"mailto:mail@textocreativ.ch\">mail@textocreativ.ch<\/a><\/p>\n<p>[\/et_pb_text][\/et_pb_column][\/et_pb_row][\/et_pb_section][et_pb_section fb_built=&#8220;1&#8243; admin_label=&#8220;Popup &#8211; #annonce-gestionnaire-projet&#8220; module_id=&#8220;annonce-gestionnaire-projet&#8220; module_class=&#8220;popup&#8220; _builder_version=&#8220;4.19.1&#8243; _module_preset=&#8220;default&#8220; da_is_popup=&#8220;on&#8220; da_popup_slug=&#8220;annonce-gestionnaire-projet&#8220; da_disable_devices=&#8220;off|off|off&#8220; global_colors_info=&#8220;{}&#8220; da_exit_intent=&#8220;off&#8220; da_has_close=&#8220;on&#8220; da_alt_close=&#8220;off&#8220; da_dark_close=&#8220;off&#8220; da_not_modal=&#8220;on&#8220; da_is_singular=&#8220;off&#8220; da_with_loader=&#8220;off&#8220; da_has_shadow=&#8220;on&#8220;][et_pb_row _builder_version=&#8220;4.19.1&#8243; _module_preset=&#8220;default&#8220; global_colors_info=&#8220;{}&#8220;][et_pb_column type=&#8220;4_4&#8243; _builder_version=&#8220;4.19.1&#8243; _module_preset=&#8220;default&#8220; global_colors_info=&#8220;{}&#8220;][et_pb_text _builder_version=&#8220;4.19.1&#8243; _module_preset=&#8220;default&#8220; global_colors_info=&#8220;{}&#8220;]<\/p>\n<h2>Projektkoordinator\/in 50%<\/h2>\n<p>ab Juli 2023 [\/et_pb_text][\/et_pb_column][\/et_pb_row][et_pb_row column_structure=&#8220;2_3,1_3&#8243; _builder_version=&#8220;4.19.1&#8243; _module_preset=&#8220;default&#8220; global_colors_info=&#8220;{}&#8220;][et_pb_column type=&#8220;2_3&#8243; _builder_version=&#8220;4.19.1&#8243; _module_preset=&#8220;default&#8220; global_colors_info=&#8220;{}&#8220;][et_pb_text module_class=&#8220;excerpt-paragraph&#8220; _builder_version=&#8220;4.19.1&#8243; _module_preset=&#8220;default&#8220; text_font_size=&#8220;2em&#8220; text_line_height=&#8220;1.15em&#8220; custom_margin=&#8220;||8%||false|false&#8220; global_colors_info=&#8220;{}&#8220;]<\/p>\n<p>Du bist bereits mit der Welt der \u00dcbersetzung vertraut und hast Lust, in einem kleinen, dynamischen Team zu arbeiten? Dann z\u00f6gere nicht, uns deine Bewerbung zu schicken.<\/p>\n<p>[\/et_pb_text][\/et_pb_column][et_pb_column type=&#8220;1_3&#8243; _builder_version=&#8220;4.19.1&#8243; _module_preset=&#8220;default&#8220; global_colors_info=&#8220;{}&#8220;][\/et_pb_column][\/et_pb_row][et_pb_row column_structure=&#8220;2_3,1_3&#8243; _builder_version=&#8220;4.19.1&#8243; _module_preset=&#8220;default&#8220; global_colors_info=&#8220;{}&#8220;][et_pb_column type=&#8220;2_3&#8243; _builder_version=&#8220;4.19.1&#8243; _module_preset=&#8220;default&#8220; global_colors_info=&#8220;{}&#8220;][et_pb_text _builder_version=&#8220;4.19.1&#8243; _module_preset=&#8220;default&#8220; custom_margin=&#8220;||45px||false|false&#8220; global_colors_info=&#8220;{}&#8220;]<\/p>\n<h4><strong>Aufgaben<\/strong>:<\/h4>\n<p>\u2192 Entgegennahme und Beantwortung der Kundenanfragen.<br \/>\n\u2192 Gegebenenfalls Erstellen von Standardangeboten.<br \/>\n\u2192 Planung der Aufgaben, Terminabsprache mit den Kunden, Terminvorgabe f\u00fcr die \u00dcbersetzer\/Korrektoren.<br \/>\n\u2192 Unterhalt der Liste mit den freischaffenden und internen \u00dcbersetzern und Korrektoren sowie Aktualisierung ihrer Verf\u00fcgbarkeiten.<br \/>\n\u2192 Gegebenenfalls Vorbereitung der zu \u00fcbersetzenden Dokumente (Manuskript).<br \/>\n\u2192 Gegebenenfalls Anlegen von neuen Kunden in Trados.<br \/>\n\u2192 Aufteilung und Zuteilung der \u00dcbersetzungsauftr\u00e4ge.<br \/>\n\u2192 \u00dcberwachung der Auftragsausf\u00fchrung.<br \/>\n\u2192 Gesamtkontrolle der \u00dcbersetzungen\/Korrekturauftr\u00e4ge (Layout, Neutralisieren der Kommentare).<br \/>\n\u2192 Senden der fertigen Auftr\u00e4ge an die Kunden.<br \/>\n\u2192 Vorbereiten der Verrechnung.<br \/>\n\u2192 Weiterleiten der Kundenfragen betreffend \u00dcbersetzungen\/Korrekturen an die entsprechenden sachkundigen Personen.\n<\/p>\n<p>[\/et_pb_text][et_pb_text _builder_version=&#8220;4.19.1&#8243; _module_preset=&#8220;default&#8220; custom_margin=&#8220;||45px||false|false&#8220; global_colors_info=&#8220;{}&#8220;]<\/p>\n<h4><strong>Arbeitszeiten<\/strong>:<\/h4>\n<p><span>nach Vereinbarung, gerne m\u00f6glichst flexibel<\/span><\/p>\n<p>[\/et_pb_text][et_pb_text _builder_version=&#8220;4.19.1&#8243; _module_preset=&#8220;default&#8220; custom_margin=&#8220;||45px||false|false&#8220; global_colors_info=&#8220;{}&#8220;]<\/p>\n<h4><strong>Sprachkenntnisse<\/strong>:<\/h4>\n<p>DE und FR sehr gut, EN gut, IT w\u00fcnschenswert<\/p>\n<p>[\/et_pb_text][et_pb_text _builder_version=&#8220;4.19.1&#8243; _module_preset=&#8220;default&#8220; custom_margin=&#8220;||45px||false|false&#8220; global_colors_info=&#8220;{}&#8220;]<\/p>\n<h4><strong>EDV-Kenntnisse<\/strong>:<\/h4>\n<p>sehr gute Kenntnisse der Office-Anwendungen und Grundlagenkenntnisse von Trados<\/p>\n<p>[\/et_pb_text][et_pb_text _builder_version=&#8220;4.19.1&#8243; _module_preset=&#8220;default&#8220; custom_margin=&#8220;||45px||false|false&#8220; global_colors_info=&#8220;{}&#8220;]<\/p>\n<h4><strong>Weitere Voraussetzungen<\/strong>:<\/h4>\n<p>Kenntnisse der Schweiz, Kenntnisse der \u00dcbersetzungsbranche erw\u00fcnscht<\/p>\n<p>[\/et_pb_text][et_pb_text _builder_version=&#8220;4.19.1&#8243; _module_preset=&#8220;default&#8220; custom_margin=&#8220;||45px||false|false&#8220; global_colors_info=&#8220;{}&#8220;]<\/p>\n<h4><strong>Arbeitsverh\u00e4ltnis<\/strong>:<\/h4>\n<p>Freelancer (mit Fixpensum) oder im Angestelltenverh\u00e4ltnis<\/p>\n<p>[\/et_pb_text][et_pb_text _builder_version=&#8220;4.19.1&#8243; _module_preset=&#8220;default&#8220; custom_margin=&#8220;||45px||false|false&#8220; global_colors_info=&#8220;{}&#8220;]<\/p>\n<h4><strong>Arbeitsort<\/strong>:<\/h4>\n<p>Z\u00fcrich und\/oder im Home-Office<\/p>\n<p>[\/et_pb_text][\/et_pb_column][et_pb_column type=&#8220;1_3&#8243; _builder_version=&#8220;4.19.1&#8243; _module_preset=&#8220;default&#8220; global_colors_info=&#8220;{}&#8220;][et_pb_text module_class=&#8220;text-link&#8220; _builder_version=&#8220;4.19.1&#8243; _module_preset=&#8220;default&#8220; text_font=&#8220;||||||||&#8220; link_option_url=&#8220;mailto:bewerbung@textocreativ.ch&#8220; custom_css_main_element=&#8220;display:inline-block;&#8220; custom_css_after=&#8220;\/*content: url(%22\/wp-content\/uploads\/2022\/11\/right_arrow_black_bold.svg%22);||display:inline-block;||position:absolute;||top:4px;||right:-25px;||width:20px;||transition: all 300ms cubic-bezier(0.420, 0.000, 0.580, 1.000);*\/&#8220; border_width_bottom=&#8220;2px&#8220; global_colors_info=&#8220;{}&#8220; custom_padding__hover_enabled=&#8220;on|desktop&#8220; custom_css_after__hover_enabled=&#8220;on|hover&#8220; custom_css_after__hover=&#8220;right:-30px;&#8220;]bewerben<span>\u00a0\u2192<\/span>[\/et_pb_text][\/et_pb_column][\/et_pb_row][\/et_pb_section]<\/p>\n","protected":false},"excerpt":{"rendered":"<p>JOBSTeilst du unsere Leidenschaft f\u00fcr W\u00f6rter?Entdecke die M\u00f6glichkeiten einer flexiblen und kollegialen Fernarbeit und werde Teil unseres Freelancerteams.Unsere Agentur ist immer auf der Suche nach freiberuflichen Texto-Kreativen. Du spielst gerne mit W\u00f6rtern und hast ein Talent f\u00fcrs \u00dcbersetzen oder Schreiben? Dann schick uns jetzt deine Bewerbung! Projektkoordinator\/in 50% ab Juli 2023mail@textocreativ.chProjektkoordinator\/in 50% ab Juli 2023 [&hellip;]<\/p>\n","protected":false},"author":1,"featured_media":0,"parent":0,"menu_order":0,"comment_status":"closed","ping_status":"closed","template":"","meta":{"_et_pb_use_builder":"on","_et_pb_old_content":"","_et_gb_content_width":"","footnotes":""},"class_list":["post-30160","page","type-page","status-publish","hentry"],"yoast_head":"<!-- This site is optimized with the Yoast SEO plugin v27.4 - https:\/\/yoast.com\/product\/yoast-seo-wordpress\/ -->\n<title>Jobs - textocreativ.ch<\/title>\n<meta name=\"description\" content=\"Entdecke die M\u00f6glichkeiten einer flexiblen und kollegialen Fernarbeit und werde Teil unseres Freelancerteams.\" \/>\n<meta name=\"robots\" content=\"index, follow, max-snippet:-1, max-image-preview:large, max-video-preview:-1\" \/>\n<link rel=\"canonical\" href=\"https:\/\/textocreativ.ch\/de\/jobs\/\" \/>\n<meta property=\"og:locale\" content=\"de_DE\" \/>\n<meta property=\"og:type\" content=\"article\" \/>\n<meta property=\"og:title\" content=\"Jobs - textocreativ.ch\" \/>\n<meta property=\"og:description\" content=\"Entdecke die M\u00f6glichkeiten einer flexiblen und kollegialen Fernarbeit und werde Teil unseres Freelancerteams.\" \/>\n<meta property=\"og:url\" content=\"https:\/\/textocreativ.ch\/de\/jobs\/\" \/>\n<meta property=\"og:site_name\" content=\"textocreativ.ch\" \/>\n<meta property=\"article:modified_time\" content=\"2023-06-14T09:43:08+00:00\" \/>\n<meta property=\"og:image\" content=\"https:\/\/textocreativ.ch\/wp-content\/uploads\/2022\/11\/neutre.png\" \/>\n\t<meta property=\"og:image:width\" content=\"5298\" \/>\n\t<meta property=\"og:image:height\" content=\"1808\" \/>\n\t<meta property=\"og:image:type\" content=\"image\/png\" \/>\n<meta name=\"twitter:card\" content=\"summary_large_image\" \/>\n<meta name=\"twitter:label1\" content=\"Gesch\u00e4tzte Lesezeit\" \/>\n\t<meta name=\"twitter:data1\" content=\"6\u00a0Minuten\" \/>\n<script type=\"application\/ld+json\" class=\"yoast-schema-graph\">{\"@context\":\"https:\\\/\\\/schema.org\",\"@graph\":[{\"@type\":\"WebPage\",\"@id\":\"https:\\\/\\\/textocreativ.ch\\\/de\\\/jobs\\\/\",\"url\":\"https:\\\/\\\/textocreativ.ch\\\/de\\\/jobs\\\/\",\"name\":\"Jobs - textocreativ.ch\",\"isPartOf\":{\"@id\":\"https:\\\/\\\/textocreativ.ch\\\/de\\\/#website\"},\"datePublished\":\"2023-01-18T07:24:03+00:00\",\"dateModified\":\"2023-06-14T09:43:08+00:00\",\"description\":\"Entdecke die M\u00f6glichkeiten einer flexiblen und kollegialen Fernarbeit und werde Teil unseres Freelancerteams.\",\"breadcrumb\":{\"@id\":\"https:\\\/\\\/textocreativ.ch\\\/de\\\/jobs\\\/#breadcrumb\"},\"inLanguage\":\"de\",\"potentialAction\":[{\"@type\":\"ReadAction\",\"target\":[\"https:\\\/\\\/textocreativ.ch\\\/de\\\/jobs\\\/\"]}]},{\"@type\":\"BreadcrumbList\",\"@id\":\"https:\\\/\\\/textocreativ.ch\\\/de\\\/jobs\\\/#breadcrumb\",\"itemListElement\":[{\"@type\":\"ListItem\",\"position\":1,\"name\":\"Accueil\",\"item\":\"https:\\\/\\\/textocreativ.ch\\\/de\\\/home-de\\\/\"},{\"@type\":\"ListItem\",\"position\":2,\"name\":\"Jobs\"}]},{\"@type\":\"WebSite\",\"@id\":\"https:\\\/\\\/textocreativ.ch\\\/de\\\/#website\",\"url\":\"https:\\\/\\\/textocreativ.ch\\\/de\\\/\",\"name\":\"textocreativ\",\"description\":\"Agence de traduction et de r\u00e9daction\",\"publisher\":{\"@id\":\"https:\\\/\\\/textocreativ.ch\\\/de\\\/#organization\"},\"potentialAction\":[{\"@type\":\"SearchAction\",\"target\":{\"@type\":\"EntryPoint\",\"urlTemplate\":\"https:\\\/\\\/textocreativ.ch\\\/de\\\/?s={search_term_string}\"},\"query-input\":{\"@type\":\"PropertyValueSpecification\",\"valueRequired\":true,\"valueName\":\"search_term_string\"}}],\"inLanguage\":\"de\"},{\"@type\":\"Organization\",\"@id\":\"https:\\\/\\\/textocreativ.ch\\\/de\\\/#organization\",\"name\":\"textocreativ\",\"url\":\"https:\\\/\\\/textocreativ.ch\\\/de\\\/\",\"logo\":{\"@type\":\"ImageObject\",\"inLanguage\":\"de\",\"@id\":\"https:\\\/\\\/textocreativ.ch\\\/de\\\/#\\\/schema\\\/logo\\\/image\\\/\",\"url\":\"https:\\\/\\\/textocreativ.ch\\\/wp-content\\\/uploads\\\/2022\\\/11\\\/textocreativ_logo.png\",\"contentUrl\":\"https:\\\/\\\/textocreativ.ch\\\/wp-content\\\/uploads\\\/2022\\\/11\\\/textocreativ_logo.png\",\"width\":664,\"height\":88,\"caption\":\"textocreativ\"},\"image\":{\"@id\":\"https:\\\/\\\/textocreativ.ch\\\/de\\\/#\\\/schema\\\/logo\\\/image\\\/\"}}]}<\/script>\n<!-- \/ Yoast SEO plugin. -->","yoast_head_json":{"title":"Jobs - textocreativ.ch","description":"Entdecke die M\u00f6glichkeiten einer flexiblen und kollegialen Fernarbeit und werde Teil unseres Freelancerteams.","robots":{"index":"index","follow":"follow","max-snippet":"max-snippet:-1","max-image-preview":"max-image-preview:large","max-video-preview":"max-video-preview:-1"},"canonical":"https:\/\/textocreativ.ch\/de\/jobs\/","og_locale":"de_DE","og_type":"article","og_title":"Jobs - textocreativ.ch","og_description":"Entdecke die M\u00f6glichkeiten einer flexiblen und kollegialen Fernarbeit und werde Teil unseres Freelancerteams.","og_url":"https:\/\/textocreativ.ch\/de\/jobs\/","og_site_name":"textocreativ.ch","article_modified_time":"2023-06-14T09:43:08+00:00","og_image":[{"width":5298,"height":1808,"url":"https:\/\/textocreativ.ch\/wp-content\/uploads\/2022\/11\/neutre.png","type":"image\/png"}],"twitter_card":"summary_large_image","twitter_misc":{"Gesch\u00e4tzte Lesezeit":"6\u00a0Minuten"},"schema":{"@context":"https:\/\/schema.org","@graph":[{"@type":"WebPage","@id":"https:\/\/textocreativ.ch\/de\/jobs\/","url":"https:\/\/textocreativ.ch\/de\/jobs\/","name":"Jobs - textocreativ.ch","isPartOf":{"@id":"https:\/\/textocreativ.ch\/de\/#website"},"datePublished":"2023-01-18T07:24:03+00:00","dateModified":"2023-06-14T09:43:08+00:00","description":"Entdecke die M\u00f6glichkeiten einer flexiblen und kollegialen Fernarbeit und werde Teil unseres Freelancerteams.","breadcrumb":{"@id":"https:\/\/textocreativ.ch\/de\/jobs\/#breadcrumb"},"inLanguage":"de","potentialAction":[{"@type":"ReadAction","target":["https:\/\/textocreativ.ch\/de\/jobs\/"]}]},{"@type":"BreadcrumbList","@id":"https:\/\/textocreativ.ch\/de\/jobs\/#breadcrumb","itemListElement":[{"@type":"ListItem","position":1,"name":"Accueil","item":"https:\/\/textocreativ.ch\/de\/home-de\/"},{"@type":"ListItem","position":2,"name":"Jobs"}]},{"@type":"WebSite","@id":"https:\/\/textocreativ.ch\/de\/#website","url":"https:\/\/textocreativ.ch\/de\/","name":"textocreativ","description":"Agence de traduction et de r\u00e9daction","publisher":{"@id":"https:\/\/textocreativ.ch\/de\/#organization"},"potentialAction":[{"@type":"SearchAction","target":{"@type":"EntryPoint","urlTemplate":"https:\/\/textocreativ.ch\/de\/?s={search_term_string}"},"query-input":{"@type":"PropertyValueSpecification","valueRequired":true,"valueName":"search_term_string"}}],"inLanguage":"de"},{"@type":"Organization","@id":"https:\/\/textocreativ.ch\/de\/#organization","name":"textocreativ","url":"https:\/\/textocreativ.ch\/de\/","logo":{"@type":"ImageObject","inLanguage":"de","@id":"https:\/\/textocreativ.ch\/de\/#\/schema\/logo\/image\/","url":"https:\/\/textocreativ.ch\/wp-content\/uploads\/2022\/11\/textocreativ_logo.png","contentUrl":"https:\/\/textocreativ.ch\/wp-content\/uploads\/2022\/11\/textocreativ_logo.png","width":664,"height":88,"caption":"textocreativ"},"image":{"@id":"https:\/\/textocreativ.ch\/de\/#\/schema\/logo\/image\/"}}]}},"_links":{"self":[{"href":"https:\/\/textocreativ.ch\/de\/wp-json\/wp\/v2\/pages\/30160","targetHints":{"allow":["GET"]}}],"collection":[{"href":"https:\/\/textocreativ.ch\/de\/wp-json\/wp\/v2\/pages"}],"about":[{"href":"https:\/\/textocreativ.ch\/de\/wp-json\/wp\/v2\/types\/page"}],"author":[{"embeddable":true,"href":"https:\/\/textocreativ.ch\/de\/wp-json\/wp\/v2\/users\/1"}],"replies":[{"embeddable":true,"href":"https:\/\/textocreativ.ch\/de\/wp-json\/wp\/v2\/comments?post=30160"}],"version-history":[{"count":3,"href":"https:\/\/textocreativ.ch\/de\/wp-json\/wp\/v2\/pages\/30160\/revisions"}],"predecessor-version":[{"id":30532,"href":"https:\/\/textocreativ.ch\/de\/wp-json\/wp\/v2\/pages\/30160\/revisions\/30532"}],"wp:attachment":[{"href":"https:\/\/textocreativ.ch\/de\/wp-json\/wp\/v2\/media?parent=30160"}],"curies":[{"name":"wp","href":"https:\/\/api.w.org\/{rel}","templated":true}]}}