{"id":30161,"date":"2022-11-24T15:46:03","date_gmt":"2022-11-24T14:46:03","guid":{"rendered":"https:\/\/textocreativ.preview-tokiwi.ch\/referenzen\/"},"modified":"2025-11-24T18:02:46","modified_gmt":"2025-11-24T17:02:46","slug":"referenzen","status":"publish","type":"page","link":"https:\/\/textocreativ.ch\/de\/referenzen\/","title":{"rendered":"Referenzen"},"content":{"rendered":"<p>[et_pb_section fb_built=&#8220;1&#8243; _builder_version=&#8220;4.19.1&#8243; _module_preset=&#8220;default&#8220; custom_margin=&#8220;60px||||false|false&#8220; custom_padding=&#8220;||0px||false|false&#8220; da_disable_devices=&#8220;off|off|off&#8220; global_colors_info=&#8220;{}&#8220; da_is_popup=&#8220;off&#8220; da_exit_intent=&#8220;off&#8220; da_has_close=&#8220;on&#8220; da_alt_close=&#8220;off&#8220; da_dark_close=&#8220;off&#8220; da_not_modal=&#8220;on&#8220; da_is_singular=&#8220;off&#8220; da_with_loader=&#8220;off&#8220; da_has_shadow=&#8220;on&#8220;][et_pb_row _builder_version=&#8220;4.19.1&#8243; _module_preset=&#8220;default&#8220; global_colors_info=&#8220;{}&#8220;][et_pb_column type=&#8220;4_4&#8243; _builder_version=&#8220;4.19.1&#8243; _module_preset=&#8220;default&#8220; global_colors_info=&#8220;{}&#8220;][et_pb_text _builder_version=&#8220;4.19.1&#8243; _module_preset=&#8220;default&#8220; header_5_text_align=&#8220;left&#8220; header_5_text_color=&#8220;#000000&#8243; custom_margin=&#8220;0px||5px||false|false&#8220; global_colors_info=&#8220;{}&#8220;]<\/p>\n<h5>REFERENZEN<\/h5>\n<p>[\/et_pb_text][et_pb_text _builder_version=&#8220;4.19.1&#8243; _module_preset=&#8220;default&#8220; header_text_align=&#8220;left&#8220; header_text_color=&#8220;#000000&#8243; header_5_text_align=&#8220;center&#8220; header_5_text_color=&#8220;#FFFFFF&#8220; background_enable_color=&#8220;off&#8220; background_enable_image=&#8220;off&#8220; background_blend=&#8220;multiply&#8220; global_colors_info=&#8220;{}&#8220;]<\/p>\n<h2>Vertrauen in ein Projekt,<br \/>das Ihnen entspricht.<\/h2>\n<p>[\/et_pb_text][\/et_pb_column][\/et_pb_row][et_pb_row column_structure=&#8220;1_3,1_3,1_3&#8243; module_class=&#8220;custom-two-col&#8220; _builder_version=&#8220;4.19.1&#8243; _module_preset=&#8220;default&#8220; custom_margin=&#8220;40px||||false|false&#8220; global_colors_info=&#8220;{}&#8220;][et_pb_column type=&#8220;1_3&#8243; _builder_version=&#8220;4.19.1&#8243; _module_preset=&#8220;default&#8220; global_colors_info=&#8220;{}&#8220;][et_pb_text _builder_version=&#8220;4.19.1&#8243; _module_preset=&#8220;default&#8220; header_2_font=&#8220;||||||||&#8220; custom_margin=&#8220;||15px||false|false&#8220; global_colors_info=&#8220;{}&#8220;]<\/p>\n<h4>Werbe<br \/>agenturen<\/h4>\n<p>[\/et_pb_text][et_pb_text _builder_version=&#8220;4.19.1&#8243; _module_preset=&#8220;default&#8220; header_2_font=&#8220;Rebond Grotesque ExtraBold||||||||&#8220; custom_margin=&#8220;||60px||false|false&#8220; global_colors_info=&#8220;{}&#8220;]<\/p>\n<p>advocacy<br \/>Boomerang Marketing<br \/>Die Antwort<br \/>Farner<br \/>finish saxer<br \/>Formeldrei<br \/>HvS Zu\u0308rich<br \/>Jardinpublic<br \/>Jung von Matt<br \/>LR communication<br \/>Num\u00e9ro10<br \/>Octane Communication<br \/>Ogilvy<br \/>Polyconsult<br \/>Pomzed Design<br \/>Rod Kommunikation<br \/>VML<\/p>\n<p>[\/et_pb_text][et_pb_text _builder_version=&#8220;4.19.1&#8243; _module_preset=&#8220;default&#8220; header_2_font=&#8220;||||||||&#8220; custom_margin=&#8220;||15px||false|false&#8220; global_colors_info=&#8220;{}&#8220;]<\/p>\n<h4>Industrie<br \/>und Handel<\/h4>\n<p>[\/et_pb_text][et_pb_text _builder_version=&#8220;4.19.1&#8243; _module_preset=&#8220;default&#8220; header_2_font=&#8220;Rebond Grotesque ExtraBold||||||||&#8220; custom_margin=&#8220;||60px||false|false&#8220; global_colors_info=&#8220;{}&#8220;]<\/p>\n<p>AS Aufz\u00fcge<br \/>Baustoff Kreislauf Schweiz<br \/>Bewetec<br \/>Burckhardt<br \/>Hunziker<br \/>La Redoute<br \/>Labtec SAFETY<br \/>Lignum<br \/>Medidor<br \/>Migros-Genossenschafts-Bund (MGB)<br \/>Netplus<br \/>OIKEN<br \/>Polyright<br \/>Migros-Kulturprozent<br \/>Schindler<br \/>Schweizer Fleisch<br \/>Schweizerischer \u00dcberwachungsverband f\u00fcr Gesteinsbaustoffe (S\u00dcGB)<br \/>Swiss Wine Valais<br \/>Vereinigung Kantonaler Feuerversicherungen (VKF)<br \/>Verfora<br \/>VibraSion<\/p>\n<p>[\/et_pb_text][\/et_pb_column][et_pb_column type=&#8220;1_3&#8243; _builder_version=&#8220;4.19.1&#8243; _module_preset=&#8220;default&#8220; global_colors_info=&#8220;{}&#8220;][et_pb_text _builder_version=&#8220;4.19.1&#8243; _module_preset=&#8220;default&#8220; header_2_font=&#8220;||||||||&#8220; custom_margin=&#8220;||15px||false|false&#8220; global_colors_info=&#8220;{}&#8220;]<\/p>\n<h4>Automarken und -importeure<\/h4>\n<p>[\/et_pb_text][et_pb_text _builder_version=&#8220;4.19.1&#8243; _module_preset=&#8220;default&#8220; header_2_font=&#8220;Rebond Grotesque ExtraBold||||||||&#8220; custom_margin=&#8220;||60px||false|false&#8220; global_colors_info=&#8220;{}&#8220;]<\/p>\n<p>Audi<br \/>Citro\u00ebn<br \/>DS Automobiles<br \/>Emil Frey Digital<br \/>Ford<br \/>Honda<br \/>Jaguar<br \/>KIA<br \/>Land Rover<br \/>Opel<br \/>Peugeot<\/p>\n<p>[\/et_pb_text][et_pb_text _builder_version=&#8220;4.19.1&#8243; _module_preset=&#8220;default&#8220; header_2_font=&#8220;||||||||&#8220; custom_margin=&#8220;||15px||false|false&#8220; global_colors_info=&#8220;{}&#8220;]<\/p>\n<h4>Tourismus<\/h4>\n<p>[\/et_pb_text][et_pb_text _builder_version=&#8220;4.19.1&#8243; _module_preset=&#8220;default&#8220; header_2_font=&#8220;Rebond Grotesque ExtraBold||||||||&#8220; custom_margin=&#8220;||60px||false|false&#8220; global_colors_info=&#8220;{}&#8220;]<\/p>\n<p>Aletsch Arena<br \/>Aletsch Bahnen<br \/>Ch\u00e2teau Mercier<br \/>Crans-Montana Tourismus<br \/>Fondation du Septembre Musical Montreux-Vevey<br \/>Globetrotter Travel Service<br \/>Groupe SOS<br \/>La Grappe<br \/>Les Celliers de Sion<br \/>Myexpo<br \/>Programm San Gottardo 2020<br \/>Provins<br \/>RegionAlps<br \/>Stadt Z\u00fcrich<br \/>T\u00e9l\u00e9verbier<br \/>Valais\/Wallis Promotion<\/p>\n<p>[\/et_pb_text][et_pb_text _builder_version=&#8220;4.19.1&#8243; _module_preset=&#8220;default&#8220; header_2_font=&#8220;||||||||&#8220; custom_margin=&#8220;||15px||false|false&#8220; global_colors_info=&#8220;{}&#8220;]<\/p>\n<h4>Dienstleistungen<br \/>und Versicherungen<\/h4>\n<p>[\/et_pb_text][et_pb_text _builder_version=&#8220;4.19.1&#8243; _module_preset=&#8220;default&#8220; header_2_font=&#8220;Rebond Grotesque ExtraBold||||||||&#8220; custom_margin=&#8220;||60px||false|false&#8220; global_colors_info=&#8220;{}&#8220;]<\/p>\n<p>Groupe Mutuel<br \/>Kantonale IV-Stelle Wallis<br \/>Reka<br \/>Rotary District 1990<br \/>Staatskanzlei, Kanton Genf<\/p>\n<p>[\/et_pb_text][\/et_pb_column][et_pb_column type=&#8220;1_3&#8243; _builder_version=&#8220;4.19.1&#8243; _module_preset=&#8220;default&#8220; global_colors_info=&#8220;{}&#8220;][et_pb_text _builder_version=&#8220;4.19.1&#8243; _module_preset=&#8220;default&#8220; header_2_font=&#8220;||||||||&#8220; custom_margin=&#8220;||15px||false|false&#8220; global_colors_info=&#8220;{}&#8220;]<\/p>\n<h4>Finanzen<br \/>und Recht<\/h4>\n<p>[\/et_pb_text][et_pb_text _builder_version=&#8220;4.19.1&#8243; _module_preset=&#8220;default&#8220; header_2_font=&#8220;Rebond Grotesque ExtraBold||||||||&#8220; custom_margin=&#8220;||60px||false|false&#8220; global_colors_info=&#8220;{}&#8220;]<\/p>\n<p>Abraxas Juris<br \/>Kanzlei Clivaz, Pralong &amp; Varone<br \/>Python<br \/>ZMLP<\/p>\n<p>[\/et_pb_text][et_pb_text _builder_version=&#8220;4.19.1&#8243; _module_preset=&#8220;default&#8220; header_2_font=&#8220;||||||||&#8220; custom_margin=&#8220;||15px||false|false&#8220; global_colors_info=&#8220;{}&#8220;]<\/p>\n<h4>Bildung,<br \/>Wissenschaft und<br \/>Gesundheit<\/h4>\n<p>[\/et_pb_text][et_pb_text _builder_version=&#8220;4.19.1&#8243; _module_preset=&#8220;default&#8220; header_2_font=&#8220;Rebond Grotesque ExtraBold||||||||&#8220; custom_margin=&#8220;||60px||false|false&#8220; global_colors_info=&#8220;{}&#8220;]<\/p>\n<p>Arval <br \/>Berner Fachhochschule (BFH)<br \/>Brocoli Factory<br \/>Departements f\u00fcr Gesundheit, Soziales und Kultur (DGSK), Kanton Wallis<br \/>Departement f\u00fcr Volkswirtschaft und Bildung (DVB), Kanton Wallis<br \/>EPFL<br \/>F\u00f6deration der Schweizer Psychologinnen und Psychologen (FSP)<br \/>HR Wallis<br \/>Krebsliga Schweiz<br \/>Krebsliga Wallis<br \/>Lungenliga Schweiz<br \/>P\u00e4dagogische Hochschule Wallis (PH-VS)<br \/>Pro Senectute<br \/>Rotes Kreuz Wallis<br \/>Schweizerische Akademie der Technischen Wissenschaften (SATW)<br \/>Schweizerische Vereinigung f\u00fcr Neuropsychologie (SVNP)<br \/>Stiftung Denk an mich<br \/>UniDistance<\/p>\n<p>[\/et_pb_text][et_pb_text _builder_version=&#8220;4.19.1&#8243; _module_preset=&#8220;default&#8220; header_2_font=&#8220;||||||||&#8220; custom_margin=&#8220;||15px||false|false&#8220; global_colors_info=&#8220;{}&#8220;]<\/p>\n<h4>Kino<\/h4>\n<p>[\/et_pb_text][et_pb_text _builder_version=&#8220;4.19.1&#8243; _module_preset=&#8220;default&#8220; header_2_font=&#8220;Rebond Grotesque ExtraBold||||||||&#8220; custom_margin=&#8220;||60px||false|false&#8220; global_colors_info=&#8220;{}&#8220;]<\/p>\n<p>CinePool\u00a0<br \/>KITAG Kino-Theater\u00a0<br \/>Paterson-Entertainment\u00a0<\/p>\n<p>[\/et_pb_text][\/et_pb_column][\/et_pb_row][\/et_pb_section]<\/p>\n","protected":false},"excerpt":{"rendered":"<p>REFERENZENVertrauen in ein Projekt,das Ihnen entspricht.WerbeagenturenadvocacyBoomerang MarketingDie AntwortFarnerfinish saxerFormeldreiHvS Zu\u0308richJardinpublicJung von MattLR communicationNum\u00e9ro10Octane CommunicationOgilvyPolyconsultPomzed DesignRod KommunikationVMLIndustrieund HandelAS Aufz\u00fcgeBaustoff Kreislauf SchweizBewetecBurckhardtHunzikerLa RedouteLabtec SAFETYLignumMedidorMigros-Genossenschafts-Bund (MGB)NetplusOIKENPolyrightMigros-KulturprozentSchindlerSchweizer FleischSchweizerischer \u00dcberwachungsverband f\u00fcr Gesteinsbaustoffe (S\u00dcGB)Swiss Wine ValaisVereinigung Kantonaler Feuerversicherungen (VKF)VerforaVibraSionAutomarken und -importeureAudiCitro\u00ebnDS AutomobilesEmil Frey DigitalFordHondaJaguarKIALand RoverOpelPeugeotTourismusAletsch ArenaAletsch BahnenCh\u00e2teau MercierCrans-Montana TourismusFondation du Septembre Musical Montreux-VeveyGlobetrotter Travel ServiceGroupe SOSLa GrappeLes Celliers de SionMyexpoProgramm San [&hellip;]<\/p>\n","protected":false},"author":1,"featured_media":0,"parent":0,"menu_order":0,"comment_status":"closed","ping_status":"closed","template":"","meta":{"_et_pb_use_builder":"on","_et_pb_old_content":"","_et_gb_content_width":"","footnotes":""},"class_list":["post-30161","page","type-page","status-publish","hentry"],"yoast_head":"<!-- This site is optimized with the Yoast SEO plugin v27.4 - https:\/\/yoast.com\/product\/yoast-seo-wordpress\/ -->\n<title>Referenzen - textocreativ.ch<\/title>\n<meta name=\"robots\" content=\"index, follow, max-snippet:-1, max-image-preview:large, max-video-preview:-1\" \/>\n<link rel=\"canonical\" href=\"https:\/\/textocreativ.ch\/de\/referenzen\/\" \/>\n<meta property=\"og:locale\" content=\"de_DE\" \/>\n<meta property=\"og:type\" content=\"article\" \/>\n<meta property=\"og:title\" content=\"Referenzen - textocreativ.ch\" \/>\n<meta property=\"og:description\" content=\"REFERENZENVertrauen in ein Projekt,das Ihnen entspricht.WerbeagenturenadvocacyBoomerang MarketingDie AntwortFarnerfinish saxerFormeldreiHvS Zu\u0308richJardinpublicJung von MattLR communicationNum\u00e9ro10Octane CommunicationOgilvyPolyconsultPomzed DesignRod KommunikationVMLIndustrieund HandelAS Aufz\u00fcgeBaustoff Kreislauf SchweizBewetecBurckhardtHunzikerLa RedouteLabtec SAFETYLignumMedidorMigros-Genossenschafts-Bund (MGB)NetplusOIKENPolyrightMigros-KulturprozentSchindlerSchweizer FleischSchweizerischer \u00dcberwachungsverband f\u00fcr Gesteinsbaustoffe (S\u00dcGB)Swiss Wine ValaisVereinigung Kantonaler Feuerversicherungen (VKF)VerforaVibraSionAutomarken und -importeureAudiCitro\u00ebnDS AutomobilesEmil Frey DigitalFordHondaJaguarKIALand RoverOpelPeugeotTourismusAletsch ArenaAletsch BahnenCh\u00e2teau MercierCrans-Montana TourismusFondation du Septembre Musical Montreux-VeveyGlobetrotter Travel ServiceGroupe SOSLa GrappeLes Celliers de SionMyexpoProgramm San [&hellip;]\" \/>\n<meta property=\"og:url\" content=\"https:\/\/textocreativ.ch\/de\/referenzen\/\" \/>\n<meta property=\"og:site_name\" content=\"textocreativ.ch\" \/>\n<meta property=\"article:modified_time\" content=\"2025-11-24T17:02:46+00:00\" \/>\n<meta property=\"og:image\" content=\"https:\/\/textocreativ.ch\/wp-content\/uploads\/2022\/11\/neutre.png\" \/>\n\t<meta property=\"og:image:width\" content=\"5298\" \/>\n\t<meta property=\"og:image:height\" content=\"1808\" \/>\n\t<meta property=\"og:image:type\" content=\"image\/png\" \/>\n<meta name=\"twitter:card\" content=\"summary_large_image\" \/>\n<meta name=\"twitter:label1\" content=\"Gesch\u00e4tzte Lesezeit\" \/>\n\t<meta name=\"twitter:data1\" content=\"4\u00a0Minuten\" \/>\n<script type=\"application\/ld+json\" class=\"yoast-schema-graph\">{\"@context\":\"https:\\\/\\\/schema.org\",\"@graph\":[{\"@type\":\"WebPage\",\"@id\":\"https:\\\/\\\/textocreativ.ch\\\/de\\\/referenzen\\\/\",\"url\":\"https:\\\/\\\/textocreativ.ch\\\/de\\\/referenzen\\\/\",\"name\":\"Referenzen - textocreativ.ch\",\"isPartOf\":{\"@id\":\"https:\\\/\\\/textocreativ.ch\\\/de\\\/#website\"},\"datePublished\":\"2022-11-24T14:46:03+00:00\",\"dateModified\":\"2025-11-24T17:02:46+00:00\",\"breadcrumb\":{\"@id\":\"https:\\\/\\\/textocreativ.ch\\\/de\\\/referenzen\\\/#breadcrumb\"},\"inLanguage\":\"de\",\"potentialAction\":[{\"@type\":\"ReadAction\",\"target\":[\"https:\\\/\\\/textocreativ.ch\\\/de\\\/referenzen\\\/\"]}]},{\"@type\":\"BreadcrumbList\",\"@id\":\"https:\\\/\\\/textocreativ.ch\\\/de\\\/referenzen\\\/#breadcrumb\",\"itemListElement\":[{\"@type\":\"ListItem\",\"position\":1,\"name\":\"Accueil\",\"item\":\"https:\\\/\\\/textocreativ.ch\\\/de\\\/home-de\\\/\"},{\"@type\":\"ListItem\",\"position\":2,\"name\":\"Referenzen\"}]},{\"@type\":\"WebSite\",\"@id\":\"https:\\\/\\\/textocreativ.ch\\\/de\\\/#website\",\"url\":\"https:\\\/\\\/textocreativ.ch\\\/de\\\/\",\"name\":\"textocreativ\",\"description\":\"Agence de traduction et de r\u00e9daction\",\"publisher\":{\"@id\":\"https:\\\/\\\/textocreativ.ch\\\/de\\\/#organization\"},\"potentialAction\":[{\"@type\":\"SearchAction\",\"target\":{\"@type\":\"EntryPoint\",\"urlTemplate\":\"https:\\\/\\\/textocreativ.ch\\\/de\\\/?s={search_term_string}\"},\"query-input\":{\"@type\":\"PropertyValueSpecification\",\"valueRequired\":true,\"valueName\":\"search_term_string\"}}],\"inLanguage\":\"de\"},{\"@type\":\"Organization\",\"@id\":\"https:\\\/\\\/textocreativ.ch\\\/de\\\/#organization\",\"name\":\"textocreativ\",\"url\":\"https:\\\/\\\/textocreativ.ch\\\/de\\\/\",\"logo\":{\"@type\":\"ImageObject\",\"inLanguage\":\"de\",\"@id\":\"https:\\\/\\\/textocreativ.ch\\\/de\\\/#\\\/schema\\\/logo\\\/image\\\/\",\"url\":\"https:\\\/\\\/textocreativ.ch\\\/wp-content\\\/uploads\\\/2022\\\/11\\\/textocreativ_logo.png\",\"contentUrl\":\"https:\\\/\\\/textocreativ.ch\\\/wp-content\\\/uploads\\\/2022\\\/11\\\/textocreativ_logo.png\",\"width\":664,\"height\":88,\"caption\":\"textocreativ\"},\"image\":{\"@id\":\"https:\\\/\\\/textocreativ.ch\\\/de\\\/#\\\/schema\\\/logo\\\/image\\\/\"}}]}<\/script>\n<!-- \/ Yoast SEO plugin. -->","yoast_head_json":{"title":"Referenzen - textocreativ.ch","robots":{"index":"index","follow":"follow","max-snippet":"max-snippet:-1","max-image-preview":"max-image-preview:large","max-video-preview":"max-video-preview:-1"},"canonical":"https:\/\/textocreativ.ch\/de\/referenzen\/","og_locale":"de_DE","og_type":"article","og_title":"Referenzen - textocreativ.ch","og_description":"REFERENZENVertrauen in ein Projekt,das Ihnen entspricht.WerbeagenturenadvocacyBoomerang MarketingDie AntwortFarnerfinish saxerFormeldreiHvS Zu\u0308richJardinpublicJung von MattLR communicationNum\u00e9ro10Octane CommunicationOgilvyPolyconsultPomzed DesignRod KommunikationVMLIndustrieund HandelAS Aufz\u00fcgeBaustoff Kreislauf SchweizBewetecBurckhardtHunzikerLa RedouteLabtec SAFETYLignumMedidorMigros-Genossenschafts-Bund (MGB)NetplusOIKENPolyrightMigros-KulturprozentSchindlerSchweizer FleischSchweizerischer \u00dcberwachungsverband f\u00fcr Gesteinsbaustoffe (S\u00dcGB)Swiss Wine ValaisVereinigung Kantonaler Feuerversicherungen (VKF)VerforaVibraSionAutomarken und -importeureAudiCitro\u00ebnDS AutomobilesEmil Frey DigitalFordHondaJaguarKIALand RoverOpelPeugeotTourismusAletsch ArenaAletsch BahnenCh\u00e2teau MercierCrans-Montana TourismusFondation du Septembre Musical Montreux-VeveyGlobetrotter Travel ServiceGroupe SOSLa GrappeLes Celliers de SionMyexpoProgramm San [&hellip;]","og_url":"https:\/\/textocreativ.ch\/de\/referenzen\/","og_site_name":"textocreativ.ch","article_modified_time":"2025-11-24T17:02:46+00:00","og_image":[{"width":5298,"height":1808,"url":"https:\/\/textocreativ.ch\/wp-content\/uploads\/2022\/11\/neutre.png","type":"image\/png"}],"twitter_card":"summary_large_image","twitter_misc":{"Gesch\u00e4tzte Lesezeit":"4\u00a0Minuten"},"schema":{"@context":"https:\/\/schema.org","@graph":[{"@type":"WebPage","@id":"https:\/\/textocreativ.ch\/de\/referenzen\/","url":"https:\/\/textocreativ.ch\/de\/referenzen\/","name":"Referenzen - textocreativ.ch","isPartOf":{"@id":"https:\/\/textocreativ.ch\/de\/#website"},"datePublished":"2022-11-24T14:46:03+00:00","dateModified":"2025-11-24T17:02:46+00:00","breadcrumb":{"@id":"https:\/\/textocreativ.ch\/de\/referenzen\/#breadcrumb"},"inLanguage":"de","potentialAction":[{"@type":"ReadAction","target":["https:\/\/textocreativ.ch\/de\/referenzen\/"]}]},{"@type":"BreadcrumbList","@id":"https:\/\/textocreativ.ch\/de\/referenzen\/#breadcrumb","itemListElement":[{"@type":"ListItem","position":1,"name":"Accueil","item":"https:\/\/textocreativ.ch\/de\/home-de\/"},{"@type":"ListItem","position":2,"name":"Referenzen"}]},{"@type":"WebSite","@id":"https:\/\/textocreativ.ch\/de\/#website","url":"https:\/\/textocreativ.ch\/de\/","name":"textocreativ","description":"Agence de traduction et de r\u00e9daction","publisher":{"@id":"https:\/\/textocreativ.ch\/de\/#organization"},"potentialAction":[{"@type":"SearchAction","target":{"@type":"EntryPoint","urlTemplate":"https:\/\/textocreativ.ch\/de\/?s={search_term_string}"},"query-input":{"@type":"PropertyValueSpecification","valueRequired":true,"valueName":"search_term_string"}}],"inLanguage":"de"},{"@type":"Organization","@id":"https:\/\/textocreativ.ch\/de\/#organization","name":"textocreativ","url":"https:\/\/textocreativ.ch\/de\/","logo":{"@type":"ImageObject","inLanguage":"de","@id":"https:\/\/textocreativ.ch\/de\/#\/schema\/logo\/image\/","url":"https:\/\/textocreativ.ch\/wp-content\/uploads\/2022\/11\/textocreativ_logo.png","contentUrl":"https:\/\/textocreativ.ch\/wp-content\/uploads\/2022\/11\/textocreativ_logo.png","width":664,"height":88,"caption":"textocreativ"},"image":{"@id":"https:\/\/textocreativ.ch\/de\/#\/schema\/logo\/image\/"}}]}},"_links":{"self":[{"href":"https:\/\/textocreativ.ch\/de\/wp-json\/wp\/v2\/pages\/30161","targetHints":{"allow":["GET"]}}],"collection":[{"href":"https:\/\/textocreativ.ch\/de\/wp-json\/wp\/v2\/pages"}],"about":[{"href":"https:\/\/textocreativ.ch\/de\/wp-json\/wp\/v2\/types\/page"}],"author":[{"embeddable":true,"href":"https:\/\/textocreativ.ch\/de\/wp-json\/wp\/v2\/users\/1"}],"replies":[{"embeddable":true,"href":"https:\/\/textocreativ.ch\/de\/wp-json\/wp\/v2\/comments?post=30161"}],"version-history":[{"count":5,"href":"https:\/\/textocreativ.ch\/de\/wp-json\/wp\/v2\/pages\/30161\/revisions"}],"predecessor-version":[{"id":31096,"href":"https:\/\/textocreativ.ch\/de\/wp-json\/wp\/v2\/pages\/30161\/revisions\/31096"}],"wp:attachment":[{"href":"https:\/\/textocreativ.ch\/de\/wp-json\/wp\/v2\/media?parent=30161"}],"curies":[{"name":"wp","href":"https:\/\/api.w.org\/{rel}","templated":true}]}}