{"id":30162,"date":"2022-11-24T16:41:41","date_gmt":"2022-11-24T15:41:41","guid":{"rendered":"https:\/\/textocreativ.preview-tokiwi.ch\/rechtliche-hinweise\/"},"modified":"2023-02-01T09:33:39","modified_gmt":"2023-02-01T08:33:39","slug":"rechtliche-hinweise","status":"publish","type":"page","link":"https:\/\/textocreativ.ch\/de\/rechtliche-hinweise\/","title":{"rendered":"Rechtliche hinweise"},"content":{"rendered":"<p>[et_pb_section fb_built=&#8220;1&#8243; _builder_version=&#8220;4.19.1&#8243; _module_preset=&#8220;default&#8220; custom_margin=&#8220;60px||||false|false&#8220; custom_padding=&#8220;||0px||false|false&#8220; da_disable_devices=&#8220;off|off|off&#8220; global_colors_info=&#8220;{}&#8220; da_is_popup=&#8220;off&#8220; da_exit_intent=&#8220;off&#8220; da_has_close=&#8220;on&#8220; da_alt_close=&#8220;off&#8220; da_dark_close=&#8220;off&#8220; da_not_modal=&#8220;on&#8220; da_is_singular=&#8220;off&#8220; da_with_loader=&#8220;off&#8220; da_has_shadow=&#8220;on&#8220;][et_pb_row _builder_version=&#8220;4.19.1&#8243; _module_preset=&#8220;default&#8220; global_colors_info=&#8220;{}&#8220;][et_pb_column type=&#8220;4_4&#8243; _builder_version=&#8220;4.19.1&#8243; _module_preset=&#8220;default&#8220; global_colors_info=&#8220;{}&#8220;][et_pb_text _builder_version=&#8220;4.19.1&#8243; _module_preset=&#8220;default&#8220; header_5_text_align=&#8220;left&#8220; header_5_text_color=&#8220;#000000&#8243; custom_margin=&#8220;0px||5px||false|false&#8220; global_colors_info=&#8220;{}&#8220;]<\/p>\n<h5>RECHTLICHE HINWEISE<\/h5>\n<p>[\/et_pb_text][et_pb_text _builder_version=&#8220;4.19.1&#8243; _module_preset=&#8220;default&#8220; header_text_align=&#8220;left&#8220; header_text_color=&#8220;#000000&#8243; header_5_text_align=&#8220;center&#8220; header_5_text_color=&#8220;#FFFFFF&#8220; background_enable_color=&#8220;off&#8220; background_enable_image=&#8220;off&#8220; background_blend=&#8220;multiply&#8220; global_colors_info=&#8220;{}&#8220;]<\/p>\n<h2>Technisches<br \/>in einer poetischen Welt.<\/h2>\n<p>[\/et_pb_text][\/et_pb_column][\/et_pb_row][et_pb_row column_structure=&#8220;1_3,1_3,1_3&#8243; module_class=&#8220;custom-two-col&#8220; _builder_version=&#8220;4.19.1&#8243; _module_preset=&#8220;default&#8220; custom_margin=&#8220;40px||||false|false&#8220; global_colors_info=&#8220;{}&#8220;][et_pb_column type=&#8220;1_3&#8243; _builder_version=&#8220;4.19.1&#8243; _module_preset=&#8220;default&#8220; global_colors_info=&#8220;{}&#8220;][et_pb_text _builder_version=&#8220;4.19.1&#8243; _module_preset=&#8220;default&#8220; header_2_font=&#8220;||||||||&#8220; custom_margin=&#8220;||15px||false|false&#8220; global_colors_info=&#8220;{}&#8220;]<\/p>\n<h4>Kontakt<\/h4>\n<p>[\/et_pb_text][et_pb_text _builder_version=&#8220;4.19.1&#8243; _module_preset=&#8220;default&#8220; header_2_font=&#8220;Rebond Grotesque ExtraBold||||||||&#8220; custom_margin=&#8220;||60px||false|false&#8220; global_colors_info=&#8220;{}&#8220;]<\/p>\n<p>textocreativ AG<br \/>\nGesch\u00e4ftsf\u00fchrer: Guy Constantin<\/p>\n<p>[\/et_pb_text][et_pb_text _builder_version=&#8220;4.19.1&#8243; _module_preset=&#8220;default&#8220; header_2_font=&#8220;||||||||&#8220; custom_margin=&#8220;||15px||false|false&#8220; hover_enabled=&#8220;0&#8243; global_colors_info=&#8220;{}&#8220; sticky_enabled=&#8220;0&#8243;]<\/p>\n<h4>Handelsregister<\/h4>\n<p>[\/et_pb_text][et_pb_text _builder_version=&#8220;4.19.1&#8243; _module_preset=&#8220;default&#8220; header_2_font=&#8220;Rebond Grotesque ExtraBold||||||||&#8220; custom_margin=&#8220;||60px||false|false&#8220; global_colors_info=&#8220;{}&#8220;]<\/p>\n<p>textocreativ ist eine beim Eidgen\u00f6ssischen Institut f\u00fcr Geistiges Eigentum eingetragene Marke.<br \/>Markennummer: 658623<br \/>Hinterlegungsdatum 16.05.2014<\/p>\n<p>[\/et_pb_text][\/et_pb_column][et_pb_column type=&#8220;1_3&#8243; _builder_version=&#8220;4.19.1&#8243; _module_preset=&#8220;default&#8220; global_colors_info=&#8220;{}&#8220;][et_pb_text _builder_version=&#8220;4.19.1&#8243; _module_preset=&#8220;default&#8220; header_2_font=&#8220;||||||||&#8220; custom_margin=&#8220;||15px||false|false&#8220; global_colors_info=&#8220;{}&#8220;]<\/p>\n<h4>Impressum<\/h4>\n<p>[\/et_pb_text][et_pb_text _builder_version=&#8220;4.19.1&#8243; _module_preset=&#8220;default&#8220; header_2_font=&#8220;Rebond Grotesque ExtraBold||||||||&#8220; custom_margin=&#8220;||60px||false|false&#8220; global_colors_info=&#8220;{}&#8220;]<\/p>\n<p>Konzept und Umsetzung:<br \/>Octane communication<\/p>\n<p>Fotos:<br \/>Stanislas Luisier<\/p>\n<p>[\/et_pb_text][\/et_pb_column][et_pb_column type=&#8220;1_3&#8243; _builder_version=&#8220;4.19.1&#8243; _module_preset=&#8220;default&#8220; global_colors_info=&#8220;{}&#8220;][et_pb_text _builder_version=&#8220;4.19.1&#8243; _module_preset=&#8220;default&#8220; header_2_font=&#8220;||||||||&#8220; custom_margin=&#8220;||15px||false|false&#8220; global_colors_info=&#8220;{}&#8220;]<\/p>\n<h4>Bankverbindung<\/h4>\n<p>[\/et_pb_text][et_pb_text _builder_version=&#8220;4.19.1&#8243; _module_preset=&#8220;default&#8220; header_2_font=&#8220;Rebond Grotesque ExtraBold||||||||&#8220; custom_margin=&#8220;||60px||false|false&#8220; global_colors_info=&#8220;{}&#8220;]<\/p>\n<p>Kontoinhaberin:<br \/>textocreativ AG<br \/>rue du Rh\u00f4ne 18<br \/>1950 Sion<\/p>\n<p>Bank:<br \/>Raiffeisen Schweiz,<br \/>Niederlassung Bern<br \/>Waisenhausplatz 26<br \/>3011 Berne<br \/>IBAN: <span>CH40 8080 8004 9308 8477 4 <\/span> <br \/>SWIFT-BIC: RAIFCH22<br \/>Clearing: 80808<\/p>\n<p>[\/et_pb_text][\/et_pb_column][\/et_pb_row][\/et_pb_section]<\/p>\n","protected":false},"excerpt":{"rendered":"<p>RECHTLICHE HINWEISETechnischesin einer poetischen Welt.Kontakttextocreativ AG Gesch\u00e4ftsf\u00fchrer: Guy ConstantinHandelsregistertextocreativ ist eine beim Eidgen\u00f6ssischen Institut f\u00fcr Geistiges Eigentum eingetragene Marke.Markennummer: 658623Hinterlegungsdatum 16.05.2014ImpressumKonzept und Umsetzung:Octane communication Fotos:Stanislas LuisierBankverbindungKontoinhaberin:textocreativ AGrue du Rh\u00f4ne 181950 Sion Bank:Raiffeisen Schweiz,Niederlassung BernWaisenhausplatz 263011 BerneIBAN: CH40 8080 8004 9308 8477 4 SWIFT-BIC: RAIFCH22Clearing: 80808<\/p>\n","protected":false},"author":1,"featured_media":0,"parent":0,"menu_order":0,"comment_status":"closed","ping_status":"closed","template":"","meta":{"_et_pb_use_builder":"on","_et_pb_old_content":"","_et_gb_content_width":"","footnotes":""},"class_list":["post-30162","page","type-page","status-publish","hentry"],"yoast_head":"<!-- This site is optimized with the Yoast SEO plugin v27.4 - https:\/\/yoast.com\/product\/yoast-seo-wordpress\/ -->\n<title>Rechtliche hinweise - textocreativ.ch<\/title>\n<meta name=\"robots\" content=\"noindex, follow\" \/>\n<meta property=\"og:locale\" content=\"de_DE\" \/>\n<meta property=\"og:type\" content=\"article\" \/>\n<meta property=\"og:title\" content=\"Rechtliche hinweise - textocreativ.ch\" \/>\n<meta property=\"og:description\" content=\"RECHTLICHE HINWEISETechnischesin einer poetischen Welt.Kontakttextocreativ AG Gesch\u00e4ftsf\u00fchrer: Guy ConstantinHandelsregistertextocreativ ist eine beim Eidgen\u00f6ssischen Institut f\u00fcr Geistiges Eigentum eingetragene Marke.Markennummer: 658623Hinterlegungsdatum 16.05.2014ImpressumKonzept und Umsetzung:Octane communication Fotos:Stanislas LuisierBankverbindungKontoinhaberin:textocreativ AGrue du Rh\u00f4ne 181950 Sion Bank:Raiffeisen Schweiz,Niederlassung BernWaisenhausplatz 263011 BerneIBAN: CH40 8080 8004 9308 8477 4 SWIFT-BIC: RAIFCH22Clearing: 80808\" \/>\n<meta property=\"og:url\" content=\"https:\/\/textocreativ.ch\/de\/rechtliche-hinweise\/\" \/>\n<meta property=\"og:site_name\" content=\"textocreativ.ch\" \/>\n<meta property=\"article:modified_time\" content=\"2023-02-01T08:33:39+00:00\" \/>\n<meta property=\"og:image\" content=\"https:\/\/textocreativ.ch\/wp-content\/uploads\/2022\/11\/neutre.png\" \/>\n\t<meta property=\"og:image:width\" content=\"5298\" \/>\n\t<meta property=\"og:image:height\" content=\"1808\" \/>\n\t<meta property=\"og:image:type\" content=\"image\/png\" \/>\n<meta name=\"twitter:card\" content=\"summary_large_image\" \/>\n<meta name=\"twitter:label1\" content=\"Gesch\u00e4tzte Lesezeit\" \/>\n\t<meta name=\"twitter:data1\" content=\"2\u00a0Minuten\" \/>\n<script type=\"application\/ld+json\" class=\"yoast-schema-graph\">{\"@context\":\"https:\\\/\\\/schema.org\",\"@graph\":[{\"@type\":\"WebPage\",\"@id\":\"https:\\\/\\\/textocreativ.ch\\\/de\\\/rechtliche-hinweise\\\/\",\"url\":\"https:\\\/\\\/textocreativ.ch\\\/de\\\/rechtliche-hinweise\\\/\",\"name\":\"Rechtliche hinweise - textocreativ.ch\",\"isPartOf\":{\"@id\":\"https:\\\/\\\/textocreativ.ch\\\/de\\\/#website\"},\"datePublished\":\"2022-11-24T15:41:41+00:00\",\"dateModified\":\"2023-02-01T08:33:39+00:00\",\"breadcrumb\":{\"@id\":\"https:\\\/\\\/textocreativ.ch\\\/de\\\/rechtliche-hinweise\\\/#breadcrumb\"},\"inLanguage\":\"de\",\"potentialAction\":[{\"@type\":\"ReadAction\",\"target\":[\"https:\\\/\\\/textocreativ.ch\\\/de\\\/rechtliche-hinweise\\\/\"]}]},{\"@type\":\"BreadcrumbList\",\"@id\":\"https:\\\/\\\/textocreativ.ch\\\/de\\\/rechtliche-hinweise\\\/#breadcrumb\",\"itemListElement\":[{\"@type\":\"ListItem\",\"position\":1,\"name\":\"Accueil\",\"item\":\"https:\\\/\\\/textocreativ.ch\\\/de\\\/home-de\\\/\"},{\"@type\":\"ListItem\",\"position\":2,\"name\":\"Rechtliche hinweise\"}]},{\"@type\":\"WebSite\",\"@id\":\"https:\\\/\\\/textocreativ.ch\\\/de\\\/#website\",\"url\":\"https:\\\/\\\/textocreativ.ch\\\/de\\\/\",\"name\":\"textocreativ\",\"description\":\"Agence de traduction et de r\u00e9daction\",\"publisher\":{\"@id\":\"https:\\\/\\\/textocreativ.ch\\\/de\\\/#organization\"},\"potentialAction\":[{\"@type\":\"SearchAction\",\"target\":{\"@type\":\"EntryPoint\",\"urlTemplate\":\"https:\\\/\\\/textocreativ.ch\\\/de\\\/?s={search_term_string}\"},\"query-input\":{\"@type\":\"PropertyValueSpecification\",\"valueRequired\":true,\"valueName\":\"search_term_string\"}}],\"inLanguage\":\"de\"},{\"@type\":\"Organization\",\"@id\":\"https:\\\/\\\/textocreativ.ch\\\/de\\\/#organization\",\"name\":\"textocreativ\",\"url\":\"https:\\\/\\\/textocreativ.ch\\\/de\\\/\",\"logo\":{\"@type\":\"ImageObject\",\"inLanguage\":\"de\",\"@id\":\"https:\\\/\\\/textocreativ.ch\\\/de\\\/#\\\/schema\\\/logo\\\/image\\\/\",\"url\":\"https:\\\/\\\/textocreativ.ch\\\/wp-content\\\/uploads\\\/2022\\\/11\\\/textocreativ_logo.png\",\"contentUrl\":\"https:\\\/\\\/textocreativ.ch\\\/wp-content\\\/uploads\\\/2022\\\/11\\\/textocreativ_logo.png\",\"width\":664,\"height\":88,\"caption\":\"textocreativ\"},\"image\":{\"@id\":\"https:\\\/\\\/textocreativ.ch\\\/de\\\/#\\\/schema\\\/logo\\\/image\\\/\"}}]}<\/script>\n<!-- \/ Yoast SEO plugin. -->","yoast_head_json":{"title":"Rechtliche hinweise - textocreativ.ch","robots":{"index":"noindex","follow":"follow"},"og_locale":"de_DE","og_type":"article","og_title":"Rechtliche hinweise - textocreativ.ch","og_description":"RECHTLICHE HINWEISETechnischesin einer poetischen Welt.Kontakttextocreativ AG Gesch\u00e4ftsf\u00fchrer: Guy ConstantinHandelsregistertextocreativ ist eine beim Eidgen\u00f6ssischen Institut f\u00fcr Geistiges Eigentum eingetragene Marke.Markennummer: 658623Hinterlegungsdatum 16.05.2014ImpressumKonzept und Umsetzung:Octane communication Fotos:Stanislas LuisierBankverbindungKontoinhaberin:textocreativ AGrue du Rh\u00f4ne 181950 Sion Bank:Raiffeisen Schweiz,Niederlassung BernWaisenhausplatz 263011 BerneIBAN: CH40 8080 8004 9308 8477 4 SWIFT-BIC: RAIFCH22Clearing: 80808","og_url":"https:\/\/textocreativ.ch\/de\/rechtliche-hinweise\/","og_site_name":"textocreativ.ch","article_modified_time":"2023-02-01T08:33:39+00:00","og_image":[{"width":5298,"height":1808,"url":"https:\/\/textocreativ.ch\/wp-content\/uploads\/2022\/11\/neutre.png","type":"image\/png"}],"twitter_card":"summary_large_image","twitter_misc":{"Gesch\u00e4tzte Lesezeit":"2\u00a0Minuten"},"schema":{"@context":"https:\/\/schema.org","@graph":[{"@type":"WebPage","@id":"https:\/\/textocreativ.ch\/de\/rechtliche-hinweise\/","url":"https:\/\/textocreativ.ch\/de\/rechtliche-hinweise\/","name":"Rechtliche hinweise - textocreativ.ch","isPartOf":{"@id":"https:\/\/textocreativ.ch\/de\/#website"},"datePublished":"2022-11-24T15:41:41+00:00","dateModified":"2023-02-01T08:33:39+00:00","breadcrumb":{"@id":"https:\/\/textocreativ.ch\/de\/rechtliche-hinweise\/#breadcrumb"},"inLanguage":"de","potentialAction":[{"@type":"ReadAction","target":["https:\/\/textocreativ.ch\/de\/rechtliche-hinweise\/"]}]},{"@type":"BreadcrumbList","@id":"https:\/\/textocreativ.ch\/de\/rechtliche-hinweise\/#breadcrumb","itemListElement":[{"@type":"ListItem","position":1,"name":"Accueil","item":"https:\/\/textocreativ.ch\/de\/home-de\/"},{"@type":"ListItem","position":2,"name":"Rechtliche hinweise"}]},{"@type":"WebSite","@id":"https:\/\/textocreativ.ch\/de\/#website","url":"https:\/\/textocreativ.ch\/de\/","name":"textocreativ","description":"Agence de traduction et de r\u00e9daction","publisher":{"@id":"https:\/\/textocreativ.ch\/de\/#organization"},"potentialAction":[{"@type":"SearchAction","target":{"@type":"EntryPoint","urlTemplate":"https:\/\/textocreativ.ch\/de\/?s={search_term_string}"},"query-input":{"@type":"PropertyValueSpecification","valueRequired":true,"valueName":"search_term_string"}}],"inLanguage":"de"},{"@type":"Organization","@id":"https:\/\/textocreativ.ch\/de\/#organization","name":"textocreativ","url":"https:\/\/textocreativ.ch\/de\/","logo":{"@type":"ImageObject","inLanguage":"de","@id":"https:\/\/textocreativ.ch\/de\/#\/schema\/logo\/image\/","url":"https:\/\/textocreativ.ch\/wp-content\/uploads\/2022\/11\/textocreativ_logo.png","contentUrl":"https:\/\/textocreativ.ch\/wp-content\/uploads\/2022\/11\/textocreativ_logo.png","width":664,"height":88,"caption":"textocreativ"},"image":{"@id":"https:\/\/textocreativ.ch\/de\/#\/schema\/logo\/image\/"}}]}},"_links":{"self":[{"href":"https:\/\/textocreativ.ch\/de\/wp-json\/wp\/v2\/pages\/30162","targetHints":{"allow":["GET"]}}],"collection":[{"href":"https:\/\/textocreativ.ch\/de\/wp-json\/wp\/v2\/pages"}],"about":[{"href":"https:\/\/textocreativ.ch\/de\/wp-json\/wp\/v2\/types\/page"}],"author":[{"embeddable":true,"href":"https:\/\/textocreativ.ch\/de\/wp-json\/wp\/v2\/users\/1"}],"replies":[{"embeddable":true,"href":"https:\/\/textocreativ.ch\/de\/wp-json\/wp\/v2\/comments?post=30162"}],"version-history":[{"count":1,"href":"https:\/\/textocreativ.ch\/de\/wp-json\/wp\/v2\/pages\/30162\/revisions"}],"predecessor-version":[{"id":30163,"href":"https:\/\/textocreativ.ch\/de\/wp-json\/wp\/v2\/pages\/30162\/revisions\/30163"}],"wp:attachment":[{"href":"https:\/\/textocreativ.ch\/de\/wp-json\/wp\/v2\/media?parent=30162"}],"curies":[{"name":"wp","href":"https:\/\/api.w.org\/{rel}","templated":true}]}}