{"id":30908,"date":"2024-11-05T13:57:03","date_gmt":"2024-11-05T12:57:03","guid":{"rendered":"https:\/\/textocreativ.ch\/datenschutzbestimmungen\/"},"modified":"2024-12-03T11:03:29","modified_gmt":"2024-12-03T10:03:29","slug":"datenschutzbestimmungen","status":"publish","type":"page","link":"https:\/\/textocreativ.ch\/de\/datenschutzbestimmungen\/","title":{"rendered":"Datenschutzbestimmungen"},"content":{"rendered":"<p>[et_pb_section fb_built=&#8220;1&#8243; _builder_version=&#8220;4.27.2&#8243; _module_preset=&#8220;default&#8220; da_disable_devices=&#8220;off|off|off&#8220; global_colors_info=&#8220;{}&#8220; da_is_popup=&#8220;off&#8220; da_exit_intent=&#8220;off&#8220; da_has_close=&#8220;on&#8220; da_alt_close=&#8220;off&#8220; da_dark_close=&#8220;off&#8220; da_not_modal=&#8220;on&#8220; da_is_singular=&#8220;off&#8220; da_with_loader=&#8220;off&#8220; da_has_shadow=&#8220;on&#8220;][et_pb_row _builder_version=&#8220;4.27.2&#8243; _module_preset=&#8220;default&#8220; max_width=&#8220;900px&#8220; custom_margin=&#8220;100px||||false|false&#8220; global_colors_info=&#8220;{}&#8220;][et_pb_column type=&#8220;4_4&#8243; _builder_version=&#8220;4.27.2&#8243; _module_preset=&#8220;default&#8220; global_colors_info=&#8220;{}&#8220;][et_pb_text _builder_version=&#8220;4.27.4&#8243; _module_preset=&#8220;default&#8220; hover_enabled=&#8220;0&#8243; custom_css_free_form=&#8220;selector a {||  text-decoration:underline;||}||selector li {||  font-weight: 400 !important;||  font-family: &#8218;RebondGrotesque&#8216;;||}&#8220; global_colors_info=&#8220;{}&#8220; sticky_enabled=&#8220;0&#8243;]<\/p>\n<h2>Datenschutzbestimmungen<\/h2>\n<h3><\/h3>\n<h3><\/h3>\n<h4>  1.  <strong>Einf\u00fchrung<\/strong><\/h4>\n<p>Wir, die textocreativ AG, eine Agentur mit Sitz in Sion, Schweiz, verpflichten uns, personenbezogene Daten in \u00dcbereinstimmung mit dem Datenschutzgesetz (DSG) und der Datenschutz-Grundverordnung (DSGVO) zu sch\u00fctzen. Diese Datenschutzbestimmungen gelten f\u00fcr die Website <span><a href=\"https:\/\/textocreativ.ch\">https:\/\/textocreativ.ch<\/a><\/span>. <\/p>\n<p>&nbsp;<\/p>\n<h4><strong>2. Erfassung der Daten<\/strong><\/h4>\n<p>Wenn Sie unsere Website oder unsere Dienste nutzen, k\u00f6nnen wir die folgenden Informationen erfassen:<\/p>\n<ul>\n<li><strong>Daten via Newsletter<\/strong>: Ihre E-Mail-Adresse und Ihre bevorzugte Sprache, die f\u00fcr den Versand unseres Newsletters erfasst werden.<\/li>\n<li><strong>Daten via Kontaktformular<\/strong>: Name, E-Mail-Adresse und Inhalt der Nachricht, um auf Ihre Anfragen oder Fragen zu antworten.<\/li>\n<li><strong>Technische Daten<\/strong>: Bestimmte Informationen wie Ihre IP-Adresse und Browserdaten werden automatisch \u00fcber Cookies und \u00e4hnliche Technologien erfasst, die f\u00fcr das Funktionieren unserer Website erforderlich sind. Sie k\u00f6nnen Ihre Cookie-Einstellungen bei Ihrem ersten Besuch auf unserer Website festlegen. <\/li>\n<\/ul>\n<p>&nbsp;<\/p>\n<h4><strong>3. Verwendung der Daten<\/strong><\/h4>\n<p>Die erfassten Daten werden ausschliesslich f\u00fcr die folgenden Zwecke verwendet:<\/p>\n<ul>\n<li><span>Versenden des Newsletters<\/span><\/li>\n<li>Beantworten von per Kontaktformular \u00fcbermittelten Anfragen<\/li>\n<li>Verbessern des Nutzererlebnisses, einschliesslich statistischer Analysen und der Optimierung unserer Dienstleistungen<\/li>\n<\/ul>\n<p>&nbsp;<\/p>\n<h4><strong>4. Dauer der Aufbewahrung der Daten<\/strong><\/h4>\n<p>Ihre personenbezogenen Daten werden in \u00dcbereinstimmung mit den gesetzlichen Vorgaben nur so lange aufbewahrt, wie es f\u00fcr die Zwecke, f\u00fcr die sie erfasst wurden, erforderlich ist. Die Daten k\u00f6nnen gel\u00f6scht oder anonymisiert werden, wenn ihre Aufbewahrung nicht mehr erforderlich ist. <\/p>\n<p>&nbsp;<\/p>\n<h4><strong>5. Zustimmung<\/strong><\/h4>\n<p>Durch die Bereitstellung Ihrer Daten geben Sie Ihre ausdr\u00fcckliche Zustimmung zur Nutzung dieser Daten f\u00fcr die unter Punkt 3 genannten Zwecke. Sie k\u00f6nnen Ihre Zustimmung jederzeit per E-Mail an <span><a href=\"mailto:mail@textocreativ.ch\">mail@textocreativ.ch<\/a><\/span> widerrufen. <\/p>\n<p>&nbsp;<\/p>\n<h4><strong>6. Google Analytics<\/strong><\/h4>\n<p>Die Website von textocreativ benutzt den Webanalysedienst \u00abGoogle Analytics\u00bb von Google LLC (\u00abGoogle\u00bb). Dieser Dienst ist so konfiguriert, dass IP-Adressen zum Schutz Ihrer Privatsph\u00e4re anonymisiert werden. Die von den Cookies erzeugten Informationen \u00fcber Ihre Nutzung dieser Website werden von Google an Server in den USA \u00fcbertragen und dort gespeichert. Google ist Mitglied des zwischen der Schweiz und den USA abgeschlossenen <span><a href=\"https:\/\/www.privacyshield.gov\/participant?id=a2zt000000001L5AAI&amp;status=Active\">US Privacy Shield Framework<\/a><\/span> und verpflichtet sich, einen angemessenen Schutz der in die USA \u00fcbermittelten Daten zu gew\u00e4hrleisten.  <\/p>\n<p>&nbsp;<\/p>\n<h4><strong>7. MailChimp<\/strong><\/h4>\n<p>F\u00fcr die Verwaltung unseres Newsletters verwenden wir den Drittanbieter MailChimp mit Sitz in den USA. Wenn Sie sich f\u00fcr den Newsletter anmelden, erkl\u00e4ren Sie sich damit einverstanden, dass Ihre Informationen von MailChimp in \u00dcbereinstimmung mit seinen <span><a href=\"https:\/\/mailchimp.com\/de\/about\/security\/\">Nutzungs- und Datenschutzbestimmungen<\/a><\/span> in L\u00e4nder ausserhalb der Schweiz und der Europ\u00e4ischen Union \u00fcbertragen und dort gespeichert und verarbeitet werden. Sie k\u00f6nnen sich jederzeit \u00fcber den in jedem Mail enthaltenen Abmeldelink von unserem Newsletter abmelden.  <\/p>\n<p>&nbsp;<\/p>\n<h4><strong>8. Nutzerrechte<\/strong><\/h4>\n<p>Sie haben das Recht, Ihre personenbezogenen Daten einzusehen, deren Berichtigung oder L\u00f6schung zu verlangen oder Ihre Zustimmung zu widerrufen oder einzuschr\u00e4nken. F\u00fcr die Aus\u00fcbung Ihrer Rechte kontaktieren Sie uns bitte per E-Mail an <span><a href=\"mailto:mail@textocreativ.ch\">mail@textocreativ.ch<\/a><\/span>. <\/p>\n<p>&nbsp;<\/p>\n<h4><strong>9. Datensicherheit<\/strong><\/h4>\n<p>Wir setzen alle erforderlichen technischen und organisatorischen Massnahmen um, um die Sicherheit Ihrer personenbezogenen Daten zu gew\u00e4hrleisten und deren Verlust oder Missbrauch oder einen unberechtigten Zugriff darauf zu verhindern.<\/p>\n<p>&nbsp;<\/p>\n<h4><strong>10. \u00c4nderungen der Bestimmungen<\/strong><\/h4>\n<p>Diese Datenschutzbestimmungen k\u00f6nnen ge\u00e4ndert werden. Die Aktualisierungen werden auf unserer Website ver\u00f6ffentlicht. <\/p>\n<p>&nbsp;<\/p>\n<h4><strong>11. Kontakt<\/strong><\/h4>\n<p>Wenn Sie Fragen zum Datenschutz haben, kontaktieren Sie uns bitte per E-Mail an <span><a href=\"mailto:mail@textocreativ.ch\">mail@textocreativ.ch<\/a><\/span>.<\/p>\n<p>&nbsp;<\/p>\n<p>[\/et_pb_text][\/et_pb_column][\/et_pb_row][\/et_pb_section]<\/p>\n","protected":false},"excerpt":{"rendered":"<p>Datenschutzbestimmungen 1. Einf\u00fchrung Wir, die textocreativ AG, eine Agentur mit Sitz in Sion, Schweiz, verpflichten uns, personenbezogene Daten in \u00dcbereinstimmung mit dem Datenschutzgesetz (DSG) und der Datenschutz-Grundverordnung (DSGVO) zu sch\u00fctzen. Diese Datenschutzbestimmungen gelten f\u00fcr die Website https:\/\/textocreativ.ch. &nbsp; 2. Erfassung der Daten Wenn Sie unsere Website oder unsere Dienste nutzen, k\u00f6nnen wir die folgenden Informationen [&hellip;]<\/p>\n","protected":false},"author":1,"featured_media":0,"parent":0,"menu_order":0,"comment_status":"closed","ping_status":"closed","template":"","meta":{"_et_pb_use_builder":"on","_et_pb_old_content":"","_et_gb_content_width":"","footnotes":""},"class_list":["post-30908","page","type-page","status-publish","hentry"],"yoast_head":"<!-- This site is optimized with the Yoast SEO plugin v27.4 - https:\/\/yoast.com\/product\/yoast-seo-wordpress\/ -->\n<title>Datenschutzbestimmungen - textocreativ.ch<\/title>\n<meta name=\"robots\" content=\"index, follow, max-snippet:-1, max-image-preview:large, max-video-preview:-1\" \/>\n<link rel=\"canonical\" href=\"https:\/\/textocreativ.ch\/de\/datenschutzbestimmungen\/\" \/>\n<meta property=\"og:locale\" content=\"de_DE\" \/>\n<meta property=\"og:type\" content=\"article\" \/>\n<meta property=\"og:title\" content=\"Datenschutzbestimmungen - textocreativ.ch\" \/>\n<meta property=\"og:description\" content=\"Datenschutzbestimmungen 1. Einf\u00fchrung Wir, die textocreativ AG, eine Agentur mit Sitz in Sion, Schweiz, verpflichten uns, personenbezogene Daten in \u00dcbereinstimmung mit dem Datenschutzgesetz (DSG) und der Datenschutz-Grundverordnung (DSGVO) zu sch\u00fctzen. Diese Datenschutzbestimmungen gelten f\u00fcr die Website https:\/\/textocreativ.ch. &nbsp; 2. Erfassung der Daten Wenn Sie unsere Website oder unsere Dienste nutzen, k\u00f6nnen wir die folgenden Informationen [&hellip;]\" \/>\n<meta property=\"og:url\" content=\"https:\/\/textocreativ.ch\/de\/datenschutzbestimmungen\/\" \/>\n<meta property=\"og:site_name\" content=\"textocreativ.ch\" \/>\n<meta property=\"article:modified_time\" content=\"2024-12-03T10:03:29+00:00\" \/>\n<meta property=\"og:image\" content=\"https:\/\/textocreativ.ch\/wp-content\/uploads\/2022\/11\/neutre.png\" \/>\n\t<meta property=\"og:image:width\" content=\"5298\" \/>\n\t<meta property=\"og:image:height\" content=\"1808\" \/>\n\t<meta property=\"og:image:type\" content=\"image\/png\" \/>\n<meta name=\"twitter:card\" content=\"summary_large_image\" \/>\n<meta name=\"twitter:label1\" content=\"Gesch\u00e4tzte Lesezeit\" \/>\n\t<meta name=\"twitter:data1\" content=\"3\u00a0Minuten\" \/>\n<script type=\"application\/ld+json\" class=\"yoast-schema-graph\">{\"@context\":\"https:\\\/\\\/schema.org\",\"@graph\":[{\"@type\":\"WebPage\",\"@id\":\"https:\\\/\\\/textocreativ.ch\\\/de\\\/datenschutzbestimmungen\\\/\",\"url\":\"https:\\\/\\\/textocreativ.ch\\\/de\\\/datenschutzbestimmungen\\\/\",\"name\":\"Datenschutzbestimmungen - textocreativ.ch\",\"isPartOf\":{\"@id\":\"https:\\\/\\\/textocreativ.ch\\\/de\\\/#website\"},\"datePublished\":\"2024-11-05T12:57:03+00:00\",\"dateModified\":\"2024-12-03T10:03:29+00:00\",\"breadcrumb\":{\"@id\":\"https:\\\/\\\/textocreativ.ch\\\/de\\\/datenschutzbestimmungen\\\/#breadcrumb\"},\"inLanguage\":\"de\",\"potentialAction\":[{\"@type\":\"ReadAction\",\"target\":[\"https:\\\/\\\/textocreativ.ch\\\/de\\\/datenschutzbestimmungen\\\/\"]}]},{\"@type\":\"BreadcrumbList\",\"@id\":\"https:\\\/\\\/textocreativ.ch\\\/de\\\/datenschutzbestimmungen\\\/#breadcrumb\",\"itemListElement\":[{\"@type\":\"ListItem\",\"position\":1,\"name\":\"Accueil\",\"item\":\"https:\\\/\\\/textocreativ.ch\\\/de\\\/home-de\\\/\"},{\"@type\":\"ListItem\",\"position\":2,\"name\":\"Datenschutzbestimmungen\"}]},{\"@type\":\"WebSite\",\"@id\":\"https:\\\/\\\/textocreativ.ch\\\/de\\\/#website\",\"url\":\"https:\\\/\\\/textocreativ.ch\\\/de\\\/\",\"name\":\"textocreativ\",\"description\":\"Agence de traduction et de r\u00e9daction\",\"publisher\":{\"@id\":\"https:\\\/\\\/textocreativ.ch\\\/de\\\/#organization\"},\"potentialAction\":[{\"@type\":\"SearchAction\",\"target\":{\"@type\":\"EntryPoint\",\"urlTemplate\":\"https:\\\/\\\/textocreativ.ch\\\/de\\\/?s={search_term_string}\"},\"query-input\":{\"@type\":\"PropertyValueSpecification\",\"valueRequired\":true,\"valueName\":\"search_term_string\"}}],\"inLanguage\":\"de\"},{\"@type\":\"Organization\",\"@id\":\"https:\\\/\\\/textocreativ.ch\\\/de\\\/#organization\",\"name\":\"textocreativ\",\"url\":\"https:\\\/\\\/textocreativ.ch\\\/de\\\/\",\"logo\":{\"@type\":\"ImageObject\",\"inLanguage\":\"de\",\"@id\":\"https:\\\/\\\/textocreativ.ch\\\/de\\\/#\\\/schema\\\/logo\\\/image\\\/\",\"url\":\"https:\\\/\\\/textocreativ.ch\\\/wp-content\\\/uploads\\\/2022\\\/11\\\/textocreativ_logo.png\",\"contentUrl\":\"https:\\\/\\\/textocreativ.ch\\\/wp-content\\\/uploads\\\/2022\\\/11\\\/textocreativ_logo.png\",\"width\":664,\"height\":88,\"caption\":\"textocreativ\"},\"image\":{\"@id\":\"https:\\\/\\\/textocreativ.ch\\\/de\\\/#\\\/schema\\\/logo\\\/image\\\/\"}}]}<\/script>\n<!-- \/ Yoast SEO plugin. -->","yoast_head_json":{"title":"Datenschutzbestimmungen - textocreativ.ch","robots":{"index":"index","follow":"follow","max-snippet":"max-snippet:-1","max-image-preview":"max-image-preview:large","max-video-preview":"max-video-preview:-1"},"canonical":"https:\/\/textocreativ.ch\/de\/datenschutzbestimmungen\/","og_locale":"de_DE","og_type":"article","og_title":"Datenschutzbestimmungen - textocreativ.ch","og_description":"Datenschutzbestimmungen 1. Einf\u00fchrung Wir, die textocreativ AG, eine Agentur mit Sitz in Sion, Schweiz, verpflichten uns, personenbezogene Daten in \u00dcbereinstimmung mit dem Datenschutzgesetz (DSG) und der Datenschutz-Grundverordnung (DSGVO) zu sch\u00fctzen. Diese Datenschutzbestimmungen gelten f\u00fcr die Website https:\/\/textocreativ.ch. &nbsp; 2. Erfassung der Daten Wenn Sie unsere Website oder unsere Dienste nutzen, k\u00f6nnen wir die folgenden Informationen [&hellip;]","og_url":"https:\/\/textocreativ.ch\/de\/datenschutzbestimmungen\/","og_site_name":"textocreativ.ch","article_modified_time":"2024-12-03T10:03:29+00:00","og_image":[{"width":5298,"height":1808,"url":"https:\/\/textocreativ.ch\/wp-content\/uploads\/2022\/11\/neutre.png","type":"image\/png"}],"twitter_card":"summary_large_image","twitter_misc":{"Gesch\u00e4tzte Lesezeit":"3\u00a0Minuten"},"schema":{"@context":"https:\/\/schema.org","@graph":[{"@type":"WebPage","@id":"https:\/\/textocreativ.ch\/de\/datenschutzbestimmungen\/","url":"https:\/\/textocreativ.ch\/de\/datenschutzbestimmungen\/","name":"Datenschutzbestimmungen - textocreativ.ch","isPartOf":{"@id":"https:\/\/textocreativ.ch\/de\/#website"},"datePublished":"2024-11-05T12:57:03+00:00","dateModified":"2024-12-03T10:03:29+00:00","breadcrumb":{"@id":"https:\/\/textocreativ.ch\/de\/datenschutzbestimmungen\/#breadcrumb"},"inLanguage":"de","potentialAction":[{"@type":"ReadAction","target":["https:\/\/textocreativ.ch\/de\/datenschutzbestimmungen\/"]}]},{"@type":"BreadcrumbList","@id":"https:\/\/textocreativ.ch\/de\/datenschutzbestimmungen\/#breadcrumb","itemListElement":[{"@type":"ListItem","position":1,"name":"Accueil","item":"https:\/\/textocreativ.ch\/de\/home-de\/"},{"@type":"ListItem","position":2,"name":"Datenschutzbestimmungen"}]},{"@type":"WebSite","@id":"https:\/\/textocreativ.ch\/de\/#website","url":"https:\/\/textocreativ.ch\/de\/","name":"textocreativ","description":"Agence de traduction et de r\u00e9daction","publisher":{"@id":"https:\/\/textocreativ.ch\/de\/#organization"},"potentialAction":[{"@type":"SearchAction","target":{"@type":"EntryPoint","urlTemplate":"https:\/\/textocreativ.ch\/de\/?s={search_term_string}"},"query-input":{"@type":"PropertyValueSpecification","valueRequired":true,"valueName":"search_term_string"}}],"inLanguage":"de"},{"@type":"Organization","@id":"https:\/\/textocreativ.ch\/de\/#organization","name":"textocreativ","url":"https:\/\/textocreativ.ch\/de\/","logo":{"@type":"ImageObject","inLanguage":"de","@id":"https:\/\/textocreativ.ch\/de\/#\/schema\/logo\/image\/","url":"https:\/\/textocreativ.ch\/wp-content\/uploads\/2022\/11\/textocreativ_logo.png","contentUrl":"https:\/\/textocreativ.ch\/wp-content\/uploads\/2022\/11\/textocreativ_logo.png","width":664,"height":88,"caption":"textocreativ"},"image":{"@id":"https:\/\/textocreativ.ch\/de\/#\/schema\/logo\/image\/"}}]}},"_links":{"self":[{"href":"https:\/\/textocreativ.ch\/de\/wp-json\/wp\/v2\/pages\/30908","targetHints":{"allow":["GET"]}}],"collection":[{"href":"https:\/\/textocreativ.ch\/de\/wp-json\/wp\/v2\/pages"}],"about":[{"href":"https:\/\/textocreativ.ch\/de\/wp-json\/wp\/v2\/types\/page"}],"author":[{"embeddable":true,"href":"https:\/\/textocreativ.ch\/de\/wp-json\/wp\/v2\/users\/1"}],"replies":[{"embeddable":true,"href":"https:\/\/textocreativ.ch\/de\/wp-json\/wp\/v2\/comments?post=30908"}],"version-history":[{"count":1,"href":"https:\/\/textocreativ.ch\/de\/wp-json\/wp\/v2\/pages\/30908\/revisions"}],"predecessor-version":[{"id":30910,"href":"https:\/\/textocreativ.ch\/de\/wp-json\/wp\/v2\/pages\/30908\/revisions\/30910"}],"wp:attachment":[{"href":"https:\/\/textocreativ.ch\/de\/wp-json\/wp\/v2\/media?parent=30908"}],"curies":[{"name":"wp","href":"https:\/\/api.w.org\/{rel}","templated":true}]}}