{"id":30282,"date":"2022-11-24T15:46:03","date_gmt":"2022-11-24T14:46:03","guid":{"rendered":"https:\/\/textocreativ.preview-tokiwi.ch\/references\/"},"modified":"2025-11-24T18:23:12","modified_gmt":"2025-11-24T17:23:12","slug":"references","status":"publish","type":"page","link":"https:\/\/textocreativ.ch\/en\/references\/","title":{"rendered":"References"},"content":{"rendered":"<p>[et_pb_section fb_built=&#8221;1&#8243; _builder_version=&#8221;4.19.1&#8243; _module_preset=&#8221;default&#8221; custom_margin=&#8221;60px||||false|false&#8221; custom_padding=&#8221;||0px||false|false&#8221; da_disable_devices=&#8221;off|off|off&#8221; global_colors_info=&#8221;{}&#8221; da_is_popup=&#8221;off&#8221; da_exit_intent=&#8221;off&#8221; da_has_close=&#8221;on&#8221; da_alt_close=&#8221;off&#8221; da_dark_close=&#8221;off&#8221; da_not_modal=&#8221;on&#8221; da_is_singular=&#8221;off&#8221; da_with_loader=&#8221;off&#8221; da_has_shadow=&#8221;on&#8221;][et_pb_row _builder_version=&#8221;4.19.1&#8243; _module_preset=&#8221;default&#8221; global_colors_info=&#8221;{}&#8221;][et_pb_column type=&#8221;4_4&#8243; _builder_version=&#8221;4.19.1&#8243; _module_preset=&#8221;default&#8221; global_colors_info=&#8221;{}&#8221;][et_pb_text _builder_version=&#8221;4.19.1&#8243; _module_preset=&#8221;default&#8221; header_5_text_align=&#8221;left&#8221; header_5_text_color=&#8221;#000000&#8243; custom_margin=&#8221;0px||5px||false|false&#8221; global_colors_info=&#8221;{}&#8221;]<\/p>\n<h5>REFERENCES<\/h5>\n<p>[\/et_pb_text][et_pb_text _builder_version=&#8221;4.19.1&#8243; _module_preset=&#8221;default&#8221; header_text_align=&#8221;left&#8221; header_text_color=&#8221;#000000&#8243; header_5_text_align=&#8221;center&#8221; header_5_text_color=&#8221;#FFFFFF&#8221; background_enable_color=&#8221;off&#8221; background_enable_image=&#8221;off&#8221; background_blend=&#8221;multiply&#8221; global_colors_info=&#8221;{}&#8221;]<\/p>\n<h2>Confidence in a project<br \/>tailored to you.<\/h2>\n<p>[\/et_pb_text][\/et_pb_column][\/et_pb_row][et_pb_row column_structure=&#8221;1_3,1_3,1_3&#8243; module_class=&#8221;custom-two-col&#8221; _builder_version=&#8221;4.19.1&#8243; _module_preset=&#8221;default&#8221; custom_margin=&#8221;40px||||false|false&#8221; global_colors_info=&#8221;{}&#8221;][et_pb_column type=&#8221;1_3&#8243; _builder_version=&#8221;4.19.1&#8243; _module_preset=&#8221;default&#8221; global_colors_info=&#8221;{}&#8221;][et_pb_text _builder_version=&#8221;4.19.1&#8243; _module_preset=&#8221;default&#8221; header_2_font=&#8221;||||||||&#8221; custom_margin=&#8221;||15px||false|false&#8221; global_colors_info=&#8221;{}&#8221;]<\/p>\n<h4>Ad<br \/>agencies<\/h4>\n<p>[\/et_pb_text][et_pb_text _builder_version=&#8221;4.19.1&#8243; _module_preset=&#8221;default&#8221; header_2_font=&#8221;Rebond Grotesque ExtraBold||||||||&#8221; custom_margin=&#8221;||60px||false|false&#8221; global_colors_info=&#8221;{}&#8221;]<\/p>\n<p>advocacy<br \/>Boomerang Marketing<br \/>Die Antwort<br \/>Farner<br \/>finish saxer<br \/>Formeldrei<br \/>HvS Zu\u0308rich<br \/>Jardinpublic<br \/>Jung von Matt<br \/>LR communication<br \/>Num\u00e9ro10<br \/>Octane Communication<br \/>Ogilvy<br \/>Polyconsult<br \/>Pomzed Design<br \/>Rod Kommunikation<br \/>VML<\/p>\n<p>[\/et_pb_text][et_pb_text _builder_version=&#8221;4.19.1&#8243; _module_preset=&#8221;default&#8221; header_2_font=&#8221;||||||||&#8221; custom_margin=&#8221;||15px||false|false&#8221; global_colors_info=&#8221;{}&#8221;]<\/p>\n<h4>Industry and<br \/>retail<\/h4>\n<p>[\/et_pb_text][et_pb_text _builder_version=&#8221;4.19.1&#8243; _module_preset=&#8221;default&#8221; header_2_font=&#8221;Rebond Grotesque ExtraBold||||||||&#8221; custom_margin=&#8221;||60px||false|false&#8221; global_colors_info=&#8221;{}&#8221;]<\/p>\n<p>AS Ascenseurs<br \/>Association of Cantonal Fire Insurance Institutions (VKF)<br \/>Baustoff Kreislauf Switzerland<br \/>Bewetec<br \/>Burckhardt<br \/>Hunziker<br \/>La Redoute<br \/>Labtec SAFETY<br \/>Lignum<br \/>Medidor<br \/>Migros Culture Percentage<br \/>Migros-Genossenschafts-Bund (MGB)<br \/>Netplus<br \/>OIKEN<br \/>Polyright<br \/>Schindler<br \/>Swiss Association for the Monitoring of Natural Stone Building Materials (S\u00dcGB)<br \/>Swiss Meat<br \/>Swiss Wine Valais<br \/>Verfora<br \/>VibraSion<\/p>\n<p>[\/et_pb_text][\/et_pb_column][et_pb_column type=&#8221;1_3&#8243; _builder_version=&#8221;4.19.1&#8243; _module_preset=&#8221;default&#8221; global_colors_info=&#8221;{}&#8221;][et_pb_text _builder_version=&#8221;4.19.1&#8243; _module_preset=&#8221;default&#8221; header_2_font=&#8221;||||||||&#8221; custom_margin=&#8221;||15px||false|false&#8221; global_colors_info=&#8221;{}&#8221;]<\/p>\n<h4>Car brands and importers<\/h4>\n<p>[\/et_pb_text][et_pb_text _builder_version=&#8221;4.19.1&#8243; _module_preset=&#8221;default&#8221; header_2_font=&#8221;Rebond Grotesque ExtraBold||||||||&#8221; custom_margin=&#8221;||60px||false|false&#8221; global_colors_info=&#8221;{}&#8221;]<\/p>\n<p>Audi<br \/>Citro\u00ebn<br \/>DS Automobiles<br \/>Emil Frey Digital<br \/>Ford<br \/>Honda<br \/>Jaguar<br \/>KIA<br \/>Land Rover<br \/>Opel<br \/>Peugeot<\/p>\n<p>[\/et_pb_text][et_pb_text _builder_version=&#8221;4.19.1&#8243; _module_preset=&#8221;default&#8221; header_2_font=&#8221;||||||||&#8221; custom_margin=&#8221;||15px||false|false&#8221; global_colors_info=&#8221;{}&#8221;]<\/p>\n<h4>Tourism<\/h4>\n<p>[\/et_pb_text][et_pb_text _builder_version=&#8221;4.19.1&#8243; _module_preset=&#8221;default&#8221; header_2_font=&#8221;Rebond Grotesque ExtraBold||||||||&#8221; custom_margin=&#8221;||60px||false|false&#8221; hover_enabled=&#8221;0&#8243; global_colors_info=&#8221;{}&#8221; sticky_enabled=&#8221;0&#8243;]<\/p>\n<p>Aletsch Arena<br \/>Aletsch Bahnen<br \/>Ch\u00e2teau Mercier<br \/>City of Zurich<br \/>Crans-Montana Tourism<br \/>Fondation du Septembre Musical Montreux-Vevey<br \/>Globetrotter Travel Service<br \/>Groupe SOS<br \/>La Grappe<br \/>Les Celliers de Sion<br \/>Myexpo<br \/>Programm San Gottardo 2020<br \/>Provins<br \/>RegionAlps<br \/>T\u00e9l\u00e9verbier<br \/>Valais\/Wallis Promotion<\/p>\n<p>[\/et_pb_text][et_pb_text _builder_version=&#8221;4.19.1&#8243; _module_preset=&#8221;default&#8221; header_2_font=&#8221;||||||||&#8221; custom_margin=&#8221;||15px||false|false&#8221; global_colors_info=&#8221;{}&#8221;]<\/p>\n<h4>Services and<br \/>insurance<\/h4>\n<p>[\/et_pb_text][et_pb_text _builder_version=&#8221;4.19.1&#8243; _module_preset=&#8221;default&#8221; header_2_font=&#8221;Rebond Grotesque ExtraBold||||||||&#8221; custom_margin=&#8221;||60px||false|false&#8221; global_colors_info=&#8221;{}&#8221;]<\/p>\n<p>Cantonal IV Office Valais<br \/>Groupe Mutuel<br \/>Reka<br \/>Rotary District 1990<br \/>State Chancellery, Canton of Geneva<\/p>\n<p>[\/et_pb_text][\/et_pb_column][et_pb_column type=&#8221;1_3&#8243; _builder_version=&#8221;4.19.1&#8243; _module_preset=&#8221;default&#8221; global_colors_info=&#8221;{}&#8221;][et_pb_text _builder_version=&#8221;4.19.1&#8243; _module_preset=&#8221;default&#8221; header_2_font=&#8221;||||||||&#8221; custom_margin=&#8221;||15px||false|false&#8221; global_colors_info=&#8221;{}&#8221;]<\/p>\n<h4>Finance<br \/>and legal<\/h4>\n<p>[\/et_pb_text][et_pb_text _builder_version=&#8221;4.19.1&#8243; _module_preset=&#8221;default&#8221; header_2_font=&#8221;Rebond Grotesque ExtraBold||||||||&#8221; custom_margin=&#8221;||60px||false|false&#8221; global_colors_info=&#8221;{}&#8221;]<\/p>\n<p>Abraxas Juris<br \/>\u00c9tude Clivaz. Pralong &amp; Varone<br \/>FMEP\/ZMLP<br \/>Python<\/p>\n<p>[\/et_pb_text][et_pb_text _builder_version=&#8221;4.19.1&#8243; _module_preset=&#8221;default&#8221; header_2_font=&#8221;||||||||&#8221; custom_margin=&#8221;||15px||false|false&#8221; global_colors_info=&#8221;{}&#8221;]<\/p>\n<h4>Education,<br \/>science and<br \/>health<\/h4>\n<p>[\/et_pb_text][et_pb_text _builder_version=&#8221;4.19.1&#8243; _module_preset=&#8221;default&#8221; header_2_font=&#8221;Rebond Grotesque ExtraBold||||||||&#8221; custom_margin=&#8221;||60px||false|false&#8221; global_colors_info=&#8221;{}&#8221;]<\/p>\n<p>Arval <br \/>Bern University of Applied Sciences (BFH)<br \/>Brocoli Factory\u00a0<br \/>Department of Economy and Education (DEF), Canton of Valais<br \/>Department of Health, Social Affairs and Culture (DSSC), Canton of Valais<br \/>EPFL<br \/>Federation of Swiss Psychologists (FSP)<br \/>HR Valais<br \/>Pro Senectute<br \/>Stiftung Denk an mich<br \/>Swiss Lung Association<br \/>Swiss Academy of Engineering Sciences (SATW)<br \/>Swiss Association of Neuropsychologists (SVNP)<br \/>The Swiss Cancer League<br \/>UniDistance<br \/>Valais Cancer League<br \/>Valais Teacher Training College (HEP-VS)<br \/>Valais <span>Red Cross<\/span><\/p>\n<p>[\/et_pb_text][et_pb_text _builder_version=&#8221;4.19.1&#8243; _module_preset=&#8221;default&#8221; header_2_font=&#8221;||||||||&#8221; custom_margin=&#8221;||15px||false|false&#8221; global_colors_info=&#8221;{}&#8221;]<\/p>\n<h4>Cinema<\/h4>\n<p>[\/et_pb_text][et_pb_text _builder_version=&#8221;4.19.1&#8243; _module_preset=&#8221;default&#8221; header_2_font=&#8221;Rebond Grotesque ExtraBold||||||||&#8221; custom_margin=&#8221;||60px||false|false&#8221; global_colors_info=&#8221;{}&#8221;]<\/p>\n<p>CinePool\u00a0<br \/>KITAG Kino-Theater\u00a0<br \/>Paterson-Entertainment\u00a0<\/p>\n<p>[\/et_pb_text][\/et_pb_column][\/et_pb_row][\/et_pb_section]<\/p>\n","protected":false},"excerpt":{"rendered":"<p>REFERENCESConfidence in a projecttailored to you.AdagenciesadvocacyBoomerang MarketingDie AntwortFarnerfinish saxerFormeldreiHvS Zu\u0308richJardinpublicJung von MattLR communicationNum\u00e9ro10Octane CommunicationOgilvyPolyconsultPomzed DesignRod KommunikationVMLIndustry andretailAS AscenseursAssociation of Cantonal Fire Insurance Institutions (VKF)Baustoff Kreislauf SwitzerlandBewetecBurckhardtHunzikerLa RedouteLabtec SAFETYLignumMedidorMigros Culture PercentageMigros-Genossenschafts-Bund (MGB)NetplusOIKENPolyrightSchindlerSwiss Association for the Monitoring of Natural Stone Building Materials (S\u00dcGB)Swiss MeatSwiss Wine ValaisVerforaVibraSionCar brands and importersAudiCitro\u00ebnDS AutomobilesEmil Frey DigitalFordHondaJaguarKIALand RoverOpelPeugeotTourismAletsch ArenaAletsch BahnenCh\u00e2teau MercierCity of [&hellip;]<\/p>\n","protected":false},"author":1,"featured_media":0,"parent":0,"menu_order":0,"comment_status":"closed","ping_status":"closed","template":"","meta":{"_et_pb_use_builder":"on","_et_pb_old_content":"","_et_gb_content_width":"","footnotes":""},"class_list":["post-30282","page","type-page","status-publish","hentry"],"yoast_head":"<!-- This site is optimized with the Yoast SEO plugin v27.4 - https:\/\/yoast.com\/product\/yoast-seo-wordpress\/ -->\n<title>References - textocreativ.ch<\/title>\n<meta name=\"robots\" content=\"index, follow, max-snippet:-1, max-image-preview:large, max-video-preview:-1\" \/>\n<link rel=\"canonical\" href=\"https:\/\/textocreativ.ch\/en\/references\/\" \/>\n<meta property=\"og:locale\" content=\"en_US\" \/>\n<meta property=\"og:type\" content=\"article\" \/>\n<meta property=\"og:title\" content=\"References - textocreativ.ch\" \/>\n<meta property=\"og:description\" content=\"REFERENCESConfidence in a projecttailored to you.AdagenciesadvocacyBoomerang MarketingDie AntwortFarnerfinish saxerFormeldreiHvS Zu\u0308richJardinpublicJung von MattLR communicationNum\u00e9ro10Octane CommunicationOgilvyPolyconsultPomzed DesignRod KommunikationVMLIndustry andretailAS AscenseursAssociation of Cantonal Fire Insurance Institutions (VKF)Baustoff Kreislauf SwitzerlandBewetecBurckhardtHunzikerLa RedouteLabtec SAFETYLignumMedidorMigros Culture PercentageMigros-Genossenschafts-Bund (MGB)NetplusOIKENPolyrightSchindlerSwiss Association for the Monitoring of Natural Stone Building Materials (S\u00dcGB)Swiss MeatSwiss Wine ValaisVerforaVibraSionCar brands and importersAudiCitro\u00ebnDS AutomobilesEmil Frey DigitalFordHondaJaguarKIALand RoverOpelPeugeotTourismAletsch ArenaAletsch BahnenCh\u00e2teau MercierCity of [&hellip;]\" \/>\n<meta property=\"og:url\" content=\"https:\/\/textocreativ.ch\/en\/references\/\" \/>\n<meta property=\"og:site_name\" content=\"textocreativ.ch\" \/>\n<meta property=\"article:modified_time\" content=\"2025-11-24T17:23:12+00:00\" \/>\n<meta property=\"og:image\" content=\"https:\/\/textocreativ.ch\/wp-content\/uploads\/2022\/11\/neutre.png\" \/>\n\t<meta property=\"og:image:width\" content=\"5298\" \/>\n\t<meta property=\"og:image:height\" content=\"1808\" \/>\n\t<meta property=\"og:image:type\" content=\"image\/png\" \/>\n<meta name=\"twitter:card\" content=\"summary_large_image\" \/>\n<meta name=\"twitter:label1\" content=\"Est. reading time\" \/>\n\t<meta name=\"twitter:data1\" content=\"4 minutes\" \/>\n<script type=\"application\/ld+json\" class=\"yoast-schema-graph\">{\"@context\":\"https:\\\/\\\/schema.org\",\"@graph\":[{\"@type\":\"WebPage\",\"@id\":\"https:\\\/\\\/textocreativ.ch\\\/en\\\/references\\\/\",\"url\":\"https:\\\/\\\/textocreativ.ch\\\/en\\\/references\\\/\",\"name\":\"References - textocreativ.ch\",\"isPartOf\":{\"@id\":\"https:\\\/\\\/textocreativ.ch\\\/en\\\/#website\"},\"datePublished\":\"2022-11-24T14:46:03+00:00\",\"dateModified\":\"2025-11-24T17:23:12+00:00\",\"breadcrumb\":{\"@id\":\"https:\\\/\\\/textocreativ.ch\\\/en\\\/references\\\/#breadcrumb\"},\"inLanguage\":\"en-US\",\"potentialAction\":[{\"@type\":\"ReadAction\",\"target\":[\"https:\\\/\\\/textocreativ.ch\\\/en\\\/references\\\/\"]}]},{\"@type\":\"BreadcrumbList\",\"@id\":\"https:\\\/\\\/textocreativ.ch\\\/en\\\/references\\\/#breadcrumb\",\"itemListElement\":[{\"@type\":\"ListItem\",\"position\":1,\"name\":\"Accueil\",\"item\":\"https:\\\/\\\/textocreativ.ch\\\/en\\\/home\\\/\"},{\"@type\":\"ListItem\",\"position\":2,\"name\":\"References\"}]},{\"@type\":\"WebSite\",\"@id\":\"https:\\\/\\\/textocreativ.ch\\\/en\\\/#website\",\"url\":\"https:\\\/\\\/textocreativ.ch\\\/en\\\/\",\"name\":\"textocreativ\",\"description\":\"Agence de traduction et de r\u00e9daction\",\"publisher\":{\"@id\":\"https:\\\/\\\/textocreativ.ch\\\/en\\\/#organization\"},\"potentialAction\":[{\"@type\":\"SearchAction\",\"target\":{\"@type\":\"EntryPoint\",\"urlTemplate\":\"https:\\\/\\\/textocreativ.ch\\\/en\\\/?s={search_term_string}\"},\"query-input\":{\"@type\":\"PropertyValueSpecification\",\"valueRequired\":true,\"valueName\":\"search_term_string\"}}],\"inLanguage\":\"en-US\"},{\"@type\":\"Organization\",\"@id\":\"https:\\\/\\\/textocreativ.ch\\\/en\\\/#organization\",\"name\":\"textocreativ\",\"url\":\"https:\\\/\\\/textocreativ.ch\\\/en\\\/\",\"logo\":{\"@type\":\"ImageObject\",\"inLanguage\":\"en-US\",\"@id\":\"https:\\\/\\\/textocreativ.ch\\\/en\\\/#\\\/schema\\\/logo\\\/image\\\/\",\"url\":\"https:\\\/\\\/textocreativ.ch\\\/wp-content\\\/uploads\\\/2022\\\/11\\\/textocreativ_logo.png\",\"contentUrl\":\"https:\\\/\\\/textocreativ.ch\\\/wp-content\\\/uploads\\\/2022\\\/11\\\/textocreativ_logo.png\",\"width\":664,\"height\":88,\"caption\":\"textocreativ\"},\"image\":{\"@id\":\"https:\\\/\\\/textocreativ.ch\\\/en\\\/#\\\/schema\\\/logo\\\/image\\\/\"}}]}<\/script>\n<!-- \/ Yoast SEO plugin. -->","yoast_head_json":{"title":"References - textocreativ.ch","robots":{"index":"index","follow":"follow","max-snippet":"max-snippet:-1","max-image-preview":"max-image-preview:large","max-video-preview":"max-video-preview:-1"},"canonical":"https:\/\/textocreativ.ch\/en\/references\/","og_locale":"en_US","og_type":"article","og_title":"References - textocreativ.ch","og_description":"REFERENCESConfidence in a projecttailored to you.AdagenciesadvocacyBoomerang MarketingDie AntwortFarnerfinish saxerFormeldreiHvS Zu\u0308richJardinpublicJung von MattLR communicationNum\u00e9ro10Octane CommunicationOgilvyPolyconsultPomzed DesignRod KommunikationVMLIndustry andretailAS AscenseursAssociation of Cantonal Fire Insurance Institutions (VKF)Baustoff Kreislauf SwitzerlandBewetecBurckhardtHunzikerLa RedouteLabtec SAFETYLignumMedidorMigros Culture PercentageMigros-Genossenschafts-Bund (MGB)NetplusOIKENPolyrightSchindlerSwiss Association for the Monitoring of Natural Stone Building Materials (S\u00dcGB)Swiss MeatSwiss Wine ValaisVerforaVibraSionCar brands and importersAudiCitro\u00ebnDS AutomobilesEmil Frey DigitalFordHondaJaguarKIALand RoverOpelPeugeotTourismAletsch ArenaAletsch BahnenCh\u00e2teau MercierCity of [&hellip;]","og_url":"https:\/\/textocreativ.ch\/en\/references\/","og_site_name":"textocreativ.ch","article_modified_time":"2025-11-24T17:23:12+00:00","og_image":[{"width":5298,"height":1808,"url":"https:\/\/textocreativ.ch\/wp-content\/uploads\/2022\/11\/neutre.png","type":"image\/png"}],"twitter_card":"summary_large_image","twitter_misc":{"Est. reading time":"4 minutes"},"schema":{"@context":"https:\/\/schema.org","@graph":[{"@type":"WebPage","@id":"https:\/\/textocreativ.ch\/en\/references\/","url":"https:\/\/textocreativ.ch\/en\/references\/","name":"References - textocreativ.ch","isPartOf":{"@id":"https:\/\/textocreativ.ch\/en\/#website"},"datePublished":"2022-11-24T14:46:03+00:00","dateModified":"2025-11-24T17:23:12+00:00","breadcrumb":{"@id":"https:\/\/textocreativ.ch\/en\/references\/#breadcrumb"},"inLanguage":"en-US","potentialAction":[{"@type":"ReadAction","target":["https:\/\/textocreativ.ch\/en\/references\/"]}]},{"@type":"BreadcrumbList","@id":"https:\/\/textocreativ.ch\/en\/references\/#breadcrumb","itemListElement":[{"@type":"ListItem","position":1,"name":"Accueil","item":"https:\/\/textocreativ.ch\/en\/home\/"},{"@type":"ListItem","position":2,"name":"References"}]},{"@type":"WebSite","@id":"https:\/\/textocreativ.ch\/en\/#website","url":"https:\/\/textocreativ.ch\/en\/","name":"textocreativ","description":"Agence de traduction et de r\u00e9daction","publisher":{"@id":"https:\/\/textocreativ.ch\/en\/#organization"},"potentialAction":[{"@type":"SearchAction","target":{"@type":"EntryPoint","urlTemplate":"https:\/\/textocreativ.ch\/en\/?s={search_term_string}"},"query-input":{"@type":"PropertyValueSpecification","valueRequired":true,"valueName":"search_term_string"}}],"inLanguage":"en-US"},{"@type":"Organization","@id":"https:\/\/textocreativ.ch\/en\/#organization","name":"textocreativ","url":"https:\/\/textocreativ.ch\/en\/","logo":{"@type":"ImageObject","inLanguage":"en-US","@id":"https:\/\/textocreativ.ch\/en\/#\/schema\/logo\/image\/","url":"https:\/\/textocreativ.ch\/wp-content\/uploads\/2022\/11\/textocreativ_logo.png","contentUrl":"https:\/\/textocreativ.ch\/wp-content\/uploads\/2022\/11\/textocreativ_logo.png","width":664,"height":88,"caption":"textocreativ"},"image":{"@id":"https:\/\/textocreativ.ch\/en\/#\/schema\/logo\/image\/"}}]}},"_links":{"self":[{"href":"https:\/\/textocreativ.ch\/en\/wp-json\/wp\/v2\/pages\/30282","targetHints":{"allow":["GET"]}}],"collection":[{"href":"https:\/\/textocreativ.ch\/en\/wp-json\/wp\/v2\/pages"}],"about":[{"href":"https:\/\/textocreativ.ch\/en\/wp-json\/wp\/v2\/types\/page"}],"author":[{"embeddable":true,"href":"https:\/\/textocreativ.ch\/en\/wp-json\/wp\/v2\/users\/1"}],"replies":[{"embeddable":true,"href":"https:\/\/textocreativ.ch\/en\/wp-json\/wp\/v2\/comments?post=30282"}],"version-history":[{"count":3,"href":"https:\/\/textocreativ.ch\/en\/wp-json\/wp\/v2\/pages\/30282\/revisions"}],"predecessor-version":[{"id":31098,"href":"https:\/\/textocreativ.ch\/en\/wp-json\/wp\/v2\/pages\/30282\/revisions\/31098"}],"wp:attachment":[{"href":"https:\/\/textocreativ.ch\/en\/wp-json\/wp\/v2\/media?parent=30282"}],"curies":[{"name":"wp","href":"https:\/\/api.w.org\/{rel}","templated":true}]}}