{"id":30909,"date":"2024-11-05T13:57:03","date_gmt":"2024-11-05T12:57:03","guid":{"rendered":"https:\/\/textocreativ.ch\/informativa-sulla-privacy\/"},"modified":"2024-11-05T13:57:03","modified_gmt":"2024-11-05T12:57:03","slug":"informativa-sulla-privacy","status":"publish","type":"page","link":"https:\/\/textocreativ.ch\/it\/informativa-sulla-privacy\/","title":{"rendered":"Informativa sulla privacy"},"content":{"rendered":"<p>[et_pb_section fb_built=&#8221;1&#8243; _builder_version=&#8221;4.27.2&#8243; _module_preset=&#8221;default&#8221; da_disable_devices=&#8221;off|off|off&#8221; global_colors_info=&#8221;{}&#8221; da_is_popup=&#8221;off&#8221; da_exit_intent=&#8221;off&#8221; da_has_close=&#8221;on&#8221; da_alt_close=&#8221;off&#8221; da_dark_close=&#8221;off&#8221; da_not_modal=&#8221;on&#8221; da_is_singular=&#8221;off&#8221; da_with_loader=&#8221;off&#8221; da_has_shadow=&#8221;on&#8221;][et_pb_row _builder_version=&#8221;4.27.2&#8243; _module_preset=&#8221;default&#8221; max_width=&#8221;900px&#8221; custom_margin=&#8221;100px||||false|false&#8221; global_colors_info=&#8221;{}&#8221;][et_pb_column type=&#8221;4_4&#8243; _builder_version=&#8221;4.27.2&#8243; _module_preset=&#8221;default&#8221; global_colors_info=&#8221;{}&#8221;][et_pb_text _builder_version=&#8221;4.27.4&#8243; _module_preset=&#8221;default&#8221; hover_enabled=&#8221;0&#8243; custom_css_free_form=&#8221;selector a {||  text-decoration:underline;||}||selector li {||  font-weight: 400 !important;||  font-family: &#8216;RebondGrotesque&#8217;;||}&#8221; global_colors_info=&#8221;{}&#8221; sticky_enabled=&#8221;0&#8243;]<\/p>\n<h2>Informativa sulla privacy<\/h2>\n<h3><\/h3>\n<h3><\/h3>\n<h4>  1.  <strong>Introduzione<\/strong><\/h4>\n<p>L\u2019agenzia textocreativ SA, con sede a Sion (Svizzera), s\u2019impegna a proteggere i dati personali in conformit\u00e0 alla Legge federale sulla protezione dei dati (LPD) e al Regolamento generale sulla protezione dei dati (GDPR). La presente informativa sulla privacy si applica al sito Internet <span><a href=\"https:\/\/textocreativ.ch\">https:\/\/textocreativ.ch<\/a><\/span>. <\/p>\n<p>&nbsp;<\/p>\n<h4><strong>2. Raccolta dei dati<\/strong><\/h4>\n<p>Quando visitate il nostro sito o utilizzate i nostri servizi, possiamo raccogliere le informazioni seguenti:<\/p>\n<ul>\n<li><strong>dati tramite la newsletter<\/strong>: il vostro indirizzo e-mail e la lingua da voi selezionata vengono raccolti per l\u2019invio della nostra newsletter;<\/li>\n<li><strong>dati tramite i moduli di contatto<\/strong>: nominativo, indirizzo e-mail e contenuto del messaggio vengono raccolti per rispondere alle vostre domande;<\/li>\n<li><strong>dati tecnici<\/strong>: determinate informazioni, come il vostro indirizzo IP e i dati di navigazione, vengono raccolte automaticamente attraverso i cookie e altre tecnologie analoghe necessarie al corretto funzionamento del sito. Potete gestire le vostre preferenze relative ai cookie la prima volta che visitate il nostro sito. <\/li>\n<\/ul>\n<p>&nbsp;<\/p>\n<h4><strong>3. Utilizzo dei dati<\/strong><\/h4>\n<p>I dati raccolti vengono utilizzati esclusivamente per le seguenti finalit\u00e0:<\/p>\n<ul>\n<li><span>per inviare la newsletter;<\/span><\/li>\n<li>per rispondere alle domande tramite i moduli di contatto;<\/li>\n<li>per migliorare l\u2019esperienza di navigazione, compresa l\u2019analisi statistica e l\u2019ottimizzazione dei servizi.<\/li>\n<\/ul>\n<p>&nbsp;<\/p>\n<h4><strong>4. Durata di conservazione dei dati<\/strong><\/h4>\n<p>I vostri dati personali vengono conservati unicamente per la durata necessaria alle finalit\u00e0 per le quali sono stati raccolti, in conformit\u00e0 alle disposizioni di legge. I dati possono essere eliminati o anonimizzati nel momento in cui non \u00e8 pi\u00f9 necessario conservarli. <\/p>\n<p>&nbsp;<\/p>\n<h4><strong>5. Consenso<\/strong><\/h4>\n<p>Fornendoci i vostri dati acconsentite espressamente al loro utilizzo per le finalit\u00e0 elencate al punto 3. Potete revocare in qualsiasi momento il consenso fornito scrivendoci all\u2019indirizzo <span><a href=\"mailto:mail@textocreativ.ch\">mail@textocreativ.ch<\/a><\/span>. <\/p>\n<p>&nbsp;<\/p>\n<h4><strong>6. Google Analytics<\/strong><\/h4>\n<p>Il sito Internet di textocreativ utilizza Google Analytics, un servizio di analisi dei siti web fornito da Google LLC (\u00abGoogle\u00bb), configurato per anonimizzare gli indirizzi IP allo scopo di proteggere la vostra sfera privata. I dati generati dai cookie riguardanti il vostro utilizzo del sito vengono trasmessi e memorizzati da Google su server situati negli Stati Uniti. Google aderisce al <span><a href=\"https:\/\/www.privacyshield.gov\/participant?id=a2zt000000001L5AAI&amp;status=Active\">Privacy Shield Framework<\/a><\/span> siglato tra Svizzera e Stati Uniti e s\u2019impegna a garantire un livello adeguato di protezione dei dati trasmessi agli Stati Uniti.  <\/p>\n<p>&nbsp;<\/p>\n<h4><strong>7. MailChimp<\/strong><\/h4>\n<p>Utilizziamo MailChimp, un servizio di terzi situato negli Stati Uniti, per gestire la nostra newsletter. Abbonandovi, accettate che le vostre informazioni siano trasmesse, memorizzate e trattate da MailChimp in Paesi al di fuori della Svizzera e dell\u2019Unione europea, in conformit\u00e0 alle <span><a href=\"https:\/\/mailchimp.com\/it\/about\/security\/\">condizioni di utilizzo e all\u2019informativa sulla privacy<\/a><\/span> di MailChimp. Potete annullare l\u2019iscrizione alla newsletter in qualsiasi momento cliccando sull\u2019apposito link che compare in ogni e-mail.  <\/p>\n<p>&nbsp;<\/p>\n<h4><strong>8. Diritti degli utenti<\/strong><\/h4>\n<p>Avete il diritto di accesso, rettifica, cancellazione, opposizione e restrizione del trattamento dei vostri dati personali. Per esercitare i vostri diritti, scriveteci all\u2019indirizzo <span><a href=\"mailto:mail@textocreativ.ch\">mail@textocreativ.ch<\/a><\/span>. <\/p>\n<p>&nbsp;<\/p>\n<h4><strong>9. Sicurezza dei dati<\/strong><\/h4>\n<p>Adottiamo tutte le misure tecniche e organizzative necessarie per garantire la sicurezza dei vostri dati personali e impedirne la perdita, un eventuale utilizzo abusivo e ogni tentativo di accesso non autorizzato.<\/p>\n<p>&nbsp;<\/p>\n<h4><strong>10. Modifiche all\u2019informativa sulla privacy<\/strong><\/h4>\n<p>La presente informativa sulla privacy \u00e8 soggetta a modifiche. Ogni aggiornamento viene pubblicato sul nostro sito Internet. <\/p>\n<p>&nbsp;<\/p>\n<h4><strong>11. Contatto<\/strong><\/h4>\n<p>Per qualsiasi domanda inerente alla protezione dei dati, non esitate a contattarci via e-mail all\u2019indirizzo <span><a href=\"mailto:mail@textocreativ.ch\">mail@textocreativ.ch<\/a><\/span>.<\/p>\n<p>&nbsp;<\/p>\n<p>[\/et_pb_text][\/et_pb_column][\/et_pb_row][\/et_pb_section]<\/p>\n","protected":false},"excerpt":{"rendered":"<p>Informativa sulla privacy 1. Introduzione L\u2019agenzia textocreativ SA, con sede a Sion (Svizzera), s\u2019impegna a proteggere i dati personali in conformit\u00e0 alla Legge federale sulla protezione dei dati (LPD) e al Regolamento generale sulla protezione dei dati (GDPR). La presente informativa sulla privacy si applica al sito Internet https:\/\/textocreativ.ch. &nbsp; 2. Raccolta dei dati Quando [&hellip;]<\/p>\n","protected":false},"author":1,"featured_media":0,"parent":0,"menu_order":0,"comment_status":"closed","ping_status":"closed","template":"","meta":{"_et_pb_use_builder":"on","_et_pb_old_content":"","_et_gb_content_width":"","footnotes":""},"class_list":["post-30909","page","type-page","status-publish","hentry"],"yoast_head":"<!-- This site is optimized with the Yoast SEO plugin v27.4 - https:\/\/yoast.com\/product\/yoast-seo-wordpress\/ -->\n<title>Informativa sulla privacy - textocreativ.ch<\/title>\n<meta name=\"robots\" content=\"index, follow, max-snippet:-1, max-image-preview:large, max-video-preview:-1\" \/>\n<link rel=\"canonical\" href=\"https:\/\/textocreativ.ch\/it\/informativa-sulla-privacy\/\" \/>\n<meta property=\"og:locale\" content=\"it_IT\" \/>\n<meta property=\"og:type\" content=\"article\" \/>\n<meta property=\"og:title\" content=\"Informativa sulla privacy - textocreativ.ch\" \/>\n<meta property=\"og:description\" content=\"Informativa sulla privacy 1. Introduzione L\u2019agenzia textocreativ SA, con sede a Sion (Svizzera), s\u2019impegna a proteggere i dati personali in conformit\u00e0 alla Legge federale sulla protezione dei dati (LPD) e al Regolamento generale sulla protezione dei dati (GDPR). La presente informativa sulla privacy si applica al sito Internet https:\/\/textocreativ.ch. &nbsp; 2. Raccolta dei dati Quando [&hellip;]\" \/>\n<meta property=\"og:url\" content=\"https:\/\/textocreativ.ch\/it\/informativa-sulla-privacy\/\" \/>\n<meta property=\"og:site_name\" content=\"textocreativ.ch\" \/>\n<meta property=\"og:image\" content=\"https:\/\/textocreativ.ch\/wp-content\/uploads\/2022\/11\/neutre.png\" \/>\n\t<meta property=\"og:image:width\" content=\"5298\" \/>\n\t<meta property=\"og:image:height\" content=\"1808\" \/>\n\t<meta property=\"og:image:type\" content=\"image\/png\" \/>\n<meta name=\"twitter:card\" content=\"summary_large_image\" \/>\n<meta name=\"twitter:label1\" content=\"Tempo di lettura stimato\" \/>\n\t<meta name=\"twitter:data1\" content=\"3 minuti\" \/>\n<script type=\"application\/ld+json\" class=\"yoast-schema-graph\">{\"@context\":\"https:\\\/\\\/schema.org\",\"@graph\":[{\"@type\":\"WebPage\",\"@id\":\"https:\\\/\\\/textocreativ.ch\\\/it\\\/informativa-sulla-privacy\\\/\",\"url\":\"https:\\\/\\\/textocreativ.ch\\\/it\\\/informativa-sulla-privacy\\\/\",\"name\":\"Informativa sulla privacy - textocreativ.ch\",\"isPartOf\":{\"@id\":\"https:\\\/\\\/textocreativ.ch\\\/it\\\/#website\"},\"datePublished\":\"2024-11-05T12:57:03+00:00\",\"breadcrumb\":{\"@id\":\"https:\\\/\\\/textocreativ.ch\\\/it\\\/informativa-sulla-privacy\\\/#breadcrumb\"},\"inLanguage\":\"it-IT\",\"potentialAction\":[{\"@type\":\"ReadAction\",\"target\":[\"https:\\\/\\\/textocreativ.ch\\\/it\\\/informativa-sulla-privacy\\\/\"]}]},{\"@type\":\"BreadcrumbList\",\"@id\":\"https:\\\/\\\/textocreativ.ch\\\/it\\\/informativa-sulla-privacy\\\/#breadcrumb\",\"itemListElement\":[{\"@type\":\"ListItem\",\"position\":1,\"name\":\"Accueil\",\"item\":\"https:\\\/\\\/textocreativ.ch\\\/it\\\/home\\\/\"},{\"@type\":\"ListItem\",\"position\":2,\"name\":\"Informativa sulla privacy\"}]},{\"@type\":\"WebSite\",\"@id\":\"https:\\\/\\\/textocreativ.ch\\\/it\\\/#website\",\"url\":\"https:\\\/\\\/textocreativ.ch\\\/it\\\/\",\"name\":\"textocreativ\",\"description\":\"Agence de traduction et de r\u00e9daction\",\"publisher\":{\"@id\":\"https:\\\/\\\/textocreativ.ch\\\/it\\\/#organization\"},\"potentialAction\":[{\"@type\":\"SearchAction\",\"target\":{\"@type\":\"EntryPoint\",\"urlTemplate\":\"https:\\\/\\\/textocreativ.ch\\\/it\\\/?s={search_term_string}\"},\"query-input\":{\"@type\":\"PropertyValueSpecification\",\"valueRequired\":true,\"valueName\":\"search_term_string\"}}],\"inLanguage\":\"it-IT\"},{\"@type\":\"Organization\",\"@id\":\"https:\\\/\\\/textocreativ.ch\\\/it\\\/#organization\",\"name\":\"textocreativ\",\"url\":\"https:\\\/\\\/textocreativ.ch\\\/it\\\/\",\"logo\":{\"@type\":\"ImageObject\",\"inLanguage\":\"it-IT\",\"@id\":\"https:\\\/\\\/textocreativ.ch\\\/it\\\/#\\\/schema\\\/logo\\\/image\\\/\",\"url\":\"https:\\\/\\\/textocreativ.ch\\\/wp-content\\\/uploads\\\/2022\\\/11\\\/textocreativ_logo.png\",\"contentUrl\":\"https:\\\/\\\/textocreativ.ch\\\/wp-content\\\/uploads\\\/2022\\\/11\\\/textocreativ_logo.png\",\"width\":664,\"height\":88,\"caption\":\"textocreativ\"},\"image\":{\"@id\":\"https:\\\/\\\/textocreativ.ch\\\/it\\\/#\\\/schema\\\/logo\\\/image\\\/\"}}]}<\/script>\n<!-- \/ Yoast SEO plugin. -->","yoast_head_json":{"title":"Informativa sulla privacy - textocreativ.ch","robots":{"index":"index","follow":"follow","max-snippet":"max-snippet:-1","max-image-preview":"max-image-preview:large","max-video-preview":"max-video-preview:-1"},"canonical":"https:\/\/textocreativ.ch\/it\/informativa-sulla-privacy\/","og_locale":"it_IT","og_type":"article","og_title":"Informativa sulla privacy - textocreativ.ch","og_description":"Informativa sulla privacy 1. Introduzione L\u2019agenzia textocreativ SA, con sede a Sion (Svizzera), s\u2019impegna a proteggere i dati personali in conformit\u00e0 alla Legge federale sulla protezione dei dati (LPD) e al Regolamento generale sulla protezione dei dati (GDPR). La presente informativa sulla privacy si applica al sito Internet https:\/\/textocreativ.ch. &nbsp; 2. Raccolta dei dati Quando [&hellip;]","og_url":"https:\/\/textocreativ.ch\/it\/informativa-sulla-privacy\/","og_site_name":"textocreativ.ch","og_image":[{"width":5298,"height":1808,"url":"https:\/\/textocreativ.ch\/wp-content\/uploads\/2022\/11\/neutre.png","type":"image\/png"}],"twitter_card":"summary_large_image","twitter_misc":{"Tempo di lettura stimato":"3 minuti"},"schema":{"@context":"https:\/\/schema.org","@graph":[{"@type":"WebPage","@id":"https:\/\/textocreativ.ch\/it\/informativa-sulla-privacy\/","url":"https:\/\/textocreativ.ch\/it\/informativa-sulla-privacy\/","name":"Informativa sulla privacy - textocreativ.ch","isPartOf":{"@id":"https:\/\/textocreativ.ch\/it\/#website"},"datePublished":"2024-11-05T12:57:03+00:00","breadcrumb":{"@id":"https:\/\/textocreativ.ch\/it\/informativa-sulla-privacy\/#breadcrumb"},"inLanguage":"it-IT","potentialAction":[{"@type":"ReadAction","target":["https:\/\/textocreativ.ch\/it\/informativa-sulla-privacy\/"]}]},{"@type":"BreadcrumbList","@id":"https:\/\/textocreativ.ch\/it\/informativa-sulla-privacy\/#breadcrumb","itemListElement":[{"@type":"ListItem","position":1,"name":"Accueil","item":"https:\/\/textocreativ.ch\/it\/home\/"},{"@type":"ListItem","position":2,"name":"Informativa sulla privacy"}]},{"@type":"WebSite","@id":"https:\/\/textocreativ.ch\/it\/#website","url":"https:\/\/textocreativ.ch\/it\/","name":"textocreativ","description":"Agence de traduction et de r\u00e9daction","publisher":{"@id":"https:\/\/textocreativ.ch\/it\/#organization"},"potentialAction":[{"@type":"SearchAction","target":{"@type":"EntryPoint","urlTemplate":"https:\/\/textocreativ.ch\/it\/?s={search_term_string}"},"query-input":{"@type":"PropertyValueSpecification","valueRequired":true,"valueName":"search_term_string"}}],"inLanguage":"it-IT"},{"@type":"Organization","@id":"https:\/\/textocreativ.ch\/it\/#organization","name":"textocreativ","url":"https:\/\/textocreativ.ch\/it\/","logo":{"@type":"ImageObject","inLanguage":"it-IT","@id":"https:\/\/textocreativ.ch\/it\/#\/schema\/logo\/image\/","url":"https:\/\/textocreativ.ch\/wp-content\/uploads\/2022\/11\/textocreativ_logo.png","contentUrl":"https:\/\/textocreativ.ch\/wp-content\/uploads\/2022\/11\/textocreativ_logo.png","width":664,"height":88,"caption":"textocreativ"},"image":{"@id":"https:\/\/textocreativ.ch\/it\/#\/schema\/logo\/image\/"}}]}},"_links":{"self":[{"href":"https:\/\/textocreativ.ch\/it\/wp-json\/wp\/v2\/pages\/30909","targetHints":{"allow":["GET"]}}],"collection":[{"href":"https:\/\/textocreativ.ch\/it\/wp-json\/wp\/v2\/pages"}],"about":[{"href":"https:\/\/textocreativ.ch\/it\/wp-json\/wp\/v2\/types\/page"}],"author":[{"embeddable":true,"href":"https:\/\/textocreativ.ch\/it\/wp-json\/wp\/v2\/users\/1"}],"replies":[{"embeddable":true,"href":"https:\/\/textocreativ.ch\/it\/wp-json\/wp\/v2\/comments?post=30909"}],"version-history":[{"count":0,"href":"https:\/\/textocreativ.ch\/it\/wp-json\/wp\/v2\/pages\/30909\/revisions"}],"wp:attachment":[{"href":"https:\/\/textocreativ.ch\/it\/wp-json\/wp\/v2\/media?parent=30909"}],"curies":[{"name":"wp","href":"https:\/\/api.w.org\/{rel}","templated":true}]}}